{"id":8426,"date":"2022-09-15T13:36:51","date_gmt":"2022-09-15T13:36:51","guid":{"rendered":"https:\/\/thenote.dk\/bliv-vores-kollega\/"},"modified":"2026-01-07T11:39:11","modified_gmt":"2026-01-07T11:39:11","slug":"bliv-vores-kollega","status":"publish","type":"page","link":"https:\/\/thenote.dk\/da\/bliv-vores-kollega\/","title":{"rendered":"Bliv vores kollega"},"content":{"rendered":"\t\t<div data-elementor-type=\"wp-page\" data-elementor-id=\"8426\" class=\"elementor elementor-8426 elementor-3287\" data-elementor-post-type=\"page\">\n\t\t\t\t<div class=\"elementor-element elementor-element-c4dd312 e-flex e-con-boxed e-con e-parent\" data-id=\"c4dd312\" data-element_type=\"container\" data-e-type=\"container\" data-settings=\"{&quot;_ob_use_container_extras&quot;:&quot;no&quot;,&quot;_ob_column_hoveranimator&quot;:&quot;no&quot;,&quot;_ob_glider_is_slider&quot;:&quot;no&quot;,&quot;_ob_column_has_pseudo&quot;:&quot;no&quot;}\">\n\t\t\t\t\t<div class=\"e-con-inner\">\n\t\t<div class=\"elementor-element elementor-element-4111397 e-con-full e-flex e-con e-child\" data-id=\"4111397\" data-element_type=\"container\" data-e-type=\"container\" data-settings=\"{&quot;_ob_use_container_extras&quot;:&quot;no&quot;,&quot;_ob_column_hoveranimator&quot;:&quot;no&quot;,&quot;_ob_glider_is_slider&quot;:&quot;no&quot;,&quot;_ob_column_has_pseudo&quot;:&quot;no&quot;}\">\n\t\t\t\t<div class=\"elementor-element elementor-element-9f67194 ob-harakiri-inherit ob-has-background-overlay elementor-widget elementor-widget-heading\" data-id=\"9f67194\" data-element_type=\"widget\" data-e-type=\"widget\" data-settings=\"{&quot;_ob_use_harakiri&quot;:&quot;yes&quot;,&quot;_ob_harakiri_writing_mode&quot;:&quot;inherit&quot;,&quot;_ob_harakiri_text_clip&quot;:&quot;none&quot;,&quot;_ob_widget_stalker_use&quot;:&quot;no&quot;,&quot;_ob_poopart_use&quot;:&quot;yes&quot;,&quot;_ob_shadough_use&quot;:&quot;no&quot;,&quot;_ob_allow_hoveranimator&quot;:&quot;no&quot;}\" data-widget_type=\"heading.default\">\n\t\t\t\t<div class=\"elementor-widget-container\">\n\t\t\t\t\t<h2 class=\"elementor-heading-title elementor-size-default\">Bliv vores kollega<\/h2>\t\t\t\t<\/div>\n\t\t\t\t<\/div>\n\t\t\t\t<div class=\"elementor-element elementor-element-60ec0c5 ob-harakiri-inherit ob-has-background-overlay elementor-widget elementor-widget-text-editor\" data-id=\"60ec0c5\" data-element_type=\"widget\" data-e-type=\"widget\" data-settings=\"{&quot;_ob_use_harakiri&quot;:&quot;yes&quot;,&quot;_ob_harakiri_writing_mode&quot;:&quot;inherit&quot;,&quot;_ob_postman_use&quot;:&quot;no&quot;,&quot;_ob_widget_stalker_use&quot;:&quot;no&quot;,&quot;_ob_poopart_use&quot;:&quot;yes&quot;,&quot;_ob_shadough_use&quot;:&quot;no&quot;,&quot;_ob_allow_hoveranimator&quot;:&quot;no&quot;}\" data-widget_type=\"text-editor.default\">\n\t\t\t\t<div class=\"elementor-widget-container\">\n\t\t\t\t\t\t\t\t\t<p>Bliv vores kollega p\u00e5 The Note! Herunder finder du alle nuv\u00e6rende ledige stillinger p\u00e5 The Note. <\/p><p>Du er altid velkommen til at <a href=\"https:\/\/candidate.hr-manager.net\/ApplicationForm\/SinglePageApplicationForm.aspx?cid=2170&amp;departmentId=19159&amp;ProjectId=146287\">sende os en ans\u00f8gning<\/a> <a href=\"https:\/\/candidate.hr-manager.net\/ApplicationForm\/SinglePageApplicationForm.aspx?cid=2170&amp;departmentId=19159&amp;ProjectId=146287\">lige her<\/a>.<\/p>\t\t\t\t\t\t\t\t<\/div>\n\t\t\t\t<\/div>\n\t\t\t\t<div class=\"elementor-element elementor-element-e07cd9e ob-harakiri-inherit ob-has-background-overlay elementor-widget elementor-widget-heading\" data-id=\"e07cd9e\" data-element_type=\"widget\" data-e-type=\"widget\" data-settings=\"{&quot;_ob_use_harakiri&quot;:&quot;yes&quot;,&quot;_ob_harakiri_writing_mode&quot;:&quot;inherit&quot;,&quot;_ob_harakiri_text_clip&quot;:&quot;none&quot;,&quot;_ob_widget_stalker_use&quot;:&quot;no&quot;,&quot;_ob_poopart_use&quot;:&quot;yes&quot;,&quot;_ob_shadough_use&quot;:&quot;no&quot;,&quot;_ob_allow_hoveranimator&quot;:&quot;no&quot;}\" data-widget_type=\"heading.default\">\n\t\t\t\t<div class=\"elementor-widget-container\">\n\t\t\t\t\t<h3 class=\"elementor-heading-title elementor-size-default\">Ledige stillinger<\/h3>\t\t\t\t<\/div>\n\t\t\t\t<\/div>\n\t\t\t\t<div class=\"elementor-element elementor-element-5cd5103 ob-harakiri-inherit ob-has-background-overlay elementor-widget elementor-widget-text-editor\" data-id=\"5cd5103\" data-element_type=\"widget\" data-e-type=\"widget\" data-settings=\"{&quot;_ob_use_harakiri&quot;:&quot;yes&quot;,&quot;_ob_harakiri_writing_mode&quot;:&quot;inherit&quot;,&quot;_ob_postman_use&quot;:&quot;no&quot;,&quot;_ob_widget_stalker_use&quot;:&quot;no&quot;,&quot;_ob_poopart_use&quot;:&quot;yes&quot;,&quot;_ob_shadough_use&quot;:&quot;no&quot;,&quot;_ob_allow_hoveranimator&quot;:&quot;no&quot;}\" data-widget_type=\"text-editor.default\">\n\t\t\t\t<div class=\"elementor-widget-container\">\n\t\t\t\t\t\t\t\t\t<p>Vi har alle, vi beh\u00f8ver for nu.<\/p>\t\t\t\t\t\t\t\t<\/div>\n\t\t\t\t<\/div>\n\t\t\t\t<div class=\"elementor-element elementor-element-362990e ob-harakiri-inherit ob-has-background-overlay elementor-widget elementor-widget-heading\" data-id=\"362990e\" data-element_type=\"widget\" data-e-type=\"widget\" data-settings=\"{&quot;_ob_use_harakiri&quot;:&quot;yes&quot;,&quot;_ob_harakiri_writing_mode&quot;:&quot;inherit&quot;,&quot;_ob_harakiri_text_clip&quot;:&quot;none&quot;,&quot;_ob_widget_stalker_use&quot;:&quot;no&quot;,&quot;_ob_poopart_use&quot;:&quot;yes&quot;,&quot;_ob_shadough_use&quot;:&quot;no&quot;,&quot;_ob_allow_hoveranimator&quot;:&quot;no&quot;}\" data-widget_type=\"heading.default\">\n\t\t\t\t<div class=\"elementor-widget-container\">\n\t\t\t\t\t<h3 class=\"elementor-heading-title elementor-size-default\">Job p\u00e5 vores s\u00f8sterhoteller<\/h3>\t\t\t\t<\/div>\n\t\t\t\t<\/div>\n\t\t\t\t<div class=\"elementor-element elementor-element-aeb220f ob-harakiri-inherit ob-has-background-overlay elementor-widget elementor-widget-text-editor\" data-id=\"aeb220f\" data-element_type=\"widget\" data-e-type=\"widget\" data-settings=\"{&quot;_ob_use_harakiri&quot;:&quot;yes&quot;,&quot;_ob_harakiri_writing_mode&quot;:&quot;inherit&quot;,&quot;_ob_postman_use&quot;:&quot;no&quot;,&quot;_ob_widget_stalker_use&quot;:&quot;no&quot;,&quot;_ob_poopart_use&quot;:&quot;yes&quot;,&quot;_ob_shadough_use&quot;:&quot;no&quot;,&quot;_ob_allow_hoveranimator&quot;:&quot;no&quot;}\" data-widget_type=\"text-editor.default\">\n\t\t\t\t<div class=\"elementor-widget-container\">\n\t\t\t\t\t\t\t\t\t<p>M\u00e5ske er vi ikke den rette arbejdsplads for dig &#8211; men m\u00e5ske er vores s\u00f8sterhoteller:<\/p><p><a href=\"http:\/\/www.hotelatlantic.dk\/work-with-us\">Hotel Atlantic (Aarhus)<\/a><\/p><p><a href=\"http:\/\/www.hotelkolding.dk\/work-with-us\">Hotel Kolding<\/a><\/p><p><a href=\"http:\/\/www.thelodge.dk\/work-with-us\">The Lodge Billund<\/a><\/p>\t\t\t\t\t\t\t\t<\/div>\n\t\t\t\t<\/div>\n\t\t\t\t<\/div>\n\t\t<div class=\"elementor-element elementor-element-85a2100 e-con-full e-flex e-con e-child\" data-id=\"85a2100\" data-element_type=\"container\" data-e-type=\"container\" data-settings=\"{&quot;_ob_use_container_extras&quot;:&quot;no&quot;,&quot;_ob_column_hoveranimator&quot;:&quot;no&quot;,&quot;_ob_glider_is_slider&quot;:&quot;no&quot;,&quot;_ob_column_has_pseudo&quot;:&quot;no&quot;}\">\n\t\t\t\t<div class=\"elementor-element elementor-element-62605e7 ob-has-background-overlay elementor-widget elementor-widget-image\" data-id=\"62605e7\" data-element_type=\"widget\" data-e-type=\"widget\" data-settings=\"{&quot;_ob_photomorph_use&quot;:&quot;no&quot;,&quot;_ob_widget_stalker_use&quot;:&quot;no&quot;,&quot;_ob_poopart_use&quot;:&quot;yes&quot;,&quot;_ob_shadough_use&quot;:&quot;no&quot;,&quot;_ob_allow_hoveranimator&quot;:&quot;no&quot;}\" data-widget_type=\"image.default\">\n\t\t\t\t<div class=\"elementor-widget-container\">\n\t\t\t\t\t\t\t\t\t\t\t\t\t\t\t<img fetchpriority=\"high\" decoding=\"async\" width=\"800\" height=\"534\" src=\"https:\/\/thenote.dk\/wp-content\/uploads\/2024\/08\/web_TheNote_RAISFOTO_C1__2916-1024x683.jpg\" class=\"attachment-large size-large wp-image-8100\" alt=\"\" srcset=\"https:\/\/thenote.dk\/wp-content\/uploads\/2024\/08\/web_TheNote_RAISFOTO_C1__2916-1024x683.jpg 1024w, https:\/\/thenote.dk\/wp-content\/uploads\/2024\/08\/web_TheNote_RAISFOTO_C1__2916-300x200.jpg 300w, https:\/\/thenote.dk\/wp-content\/uploads\/2024\/08\/web_TheNote_RAISFOTO_C1__2916-768x512.jpg 768w, https:\/\/thenote.dk\/wp-content\/uploads\/2024\/08\/web_TheNote_RAISFOTO_C1__2916-1536x1024.jpg 1536w, https:\/\/thenote.dk\/wp-content\/uploads\/2024\/08\/web_TheNote_RAISFOTO_C1__2916-2048x1366.jpg 2048w\" sizes=\"(max-width: 800px) 100vw, 800px\" \/>\t\t\t\t\t\t\t\t\t\t\t\t\t\t\t<\/div>\n\t\t\t\t<\/div>\n\t\t\t\t<\/div>\n\t\t\t\t\t<\/div>\n\t\t\t\t<\/div>\n\t\t<div class=\"elementor-element elementor-element-b48328c e-flex e-con-boxed e-con e-parent\" data-id=\"b48328c\" data-element_type=\"container\" data-e-type=\"container\" data-settings=\"{&quot;_ob_use_container_extras&quot;:&quot;no&quot;,&quot;_ob_column_hoveranimator&quot;:&quot;no&quot;,&quot;_ob_glider_is_slider&quot;:&quot;no&quot;,&quot;_ob_column_has_pseudo&quot;:&quot;no&quot;}\">\n\t\t\t\t\t<div class=\"e-con-inner\">\n\t\t\t\t<div class=\"elementor-element elementor-element-85b4b8b elementor-widget-divider--view-line ob-has-background-overlay elementor-widget elementor-widget-divider\" data-id=\"85b4b8b\" data-element_type=\"widget\" data-e-type=\"widget\" data-settings=\"{&quot;_ob_widget_stalker_use&quot;:&quot;no&quot;,&quot;_ob_poopart_use&quot;:&quot;yes&quot;,&quot;_ob_shadough_use&quot;:&quot;no&quot;,&quot;_ob_allow_hoveranimator&quot;:&quot;no&quot;}\" data-widget_type=\"divider.default\">\n\t\t\t\t<div class=\"elementor-widget-container\">\n\t\t\t\t\t\t\t<div class=\"elementor-divider\">\n\t\t\t<span class=\"elementor-divider-separator\">\n\t\t\t\t\t\t<\/span>\n\t\t<\/div>\n\t\t\t\t\t\t<\/div>\n\t\t\t\t<\/div>\n\t\t\t\t<div class=\"elementor-element elementor-element-b8b404b ob-harakiri-inherit ob-has-background-overlay elementor-widget elementor-widget-text-editor\" data-id=\"b8b404b\" data-element_type=\"widget\" data-e-type=\"widget\" data-settings=\"{&quot;_ob_use_harakiri&quot;:&quot;yes&quot;,&quot;_ob_harakiri_writing_mode&quot;:&quot;inherit&quot;,&quot;_ob_postman_use&quot;:&quot;no&quot;,&quot;_ob_widget_stalker_use&quot;:&quot;no&quot;,&quot;_ob_poopart_use&quot;:&quot;yes&quot;,&quot;_ob_shadough_use&quot;:&quot;no&quot;,&quot;_ob_allow_hoveranimator&quot;:&quot;no&quot;}\" data-widget_type=\"text-editor.default\">\n\t\t\t\t<div class=\"elementor-widget-container\">\n\t\t\t\t\t\t\t\t\t<p>Ville du bare booke et v\u00e6relse? Lad os <a href=\"https:\/\/thenote.dk\/da\/vaerelser\/\">finde det bedste<\/a> til dig!<\/p>\t\t\t\t\t\t\t\t<\/div>\n\t\t\t\t<\/div>\n\t\t\t\t\t<\/div>\n\t\t\t\t<\/div>\n\t\t\t\t<\/div>\n\t\t","protected":false},"excerpt":{"rendered":"<p>Bliv vores kollega Bliv vores kollega p\u00e5 The Note! Herunder finder du alle nuv\u00e6rende ledige stillinger p\u00e5 The Note. Du er altid velkommen til at sende os en ans\u00f8gning lige her. Ledige stillinger Vi har alle, vi beh\u00f8ver for nu. Job p\u00e5 vores s\u00f8sterhoteller M\u00e5ske er vi ikke den rette arbejdsplads for dig &#8211; men [&hellip;]<\/p>\n","protected":false},"author":4,"featured_media":0,"parent":0,"menu_order":1,"comment_status":"closed","ping_status":"closed","template":"","meta":{"_acf_changed":false,"footnotes":""},"class_list":["post-8426","page","type-page","status-publish","hentry"],"acf":[],"yoast_head":"<!-- This site is optimized with the Yoast SEO plugin v27.4 - https:\/\/yoast.com\/product\/yoast-seo-wordpress\/ -->\n<title>Job p\u00e5 The Note<\/title>\n<meta name=\"description\" content=\"Bliv vores kollega p\u00e5 The Note! Herunder finder du alle nuv\u00e6rende ledige stillinger p\u00e5 The Note.\" \/>\n<meta name=\"robots\" content=\"index, follow, max-snippet:-1, max-image-preview:large, max-video-preview:-1\" \/>\n<link rel=\"canonical\" href=\"https:\/\/thenote.dk\/da\/bliv-vores-kollega\/\" \/>\n<meta property=\"og:locale\" content=\"da_DK\" \/>\n<meta property=\"og:type\" content=\"article\" \/>\n<meta property=\"og:title\" content=\"Job p\u00e5 The Note\" \/>\n<meta property=\"og:description\" content=\"Bliv vores kollega p\u00e5 The Note! Herunder finder du alle nuv\u00e6rende ledige stillinger p\u00e5 The Note.\" \/>\n<meta property=\"og:url\" content=\"https:\/\/thenote.dk\/da\/bliv-vores-kollega\/\" \/>\n<meta property=\"og:site_name\" content=\"The Note\" \/>\n<meta property=\"article:modified_time\" content=\"2026-01-07T11:39:11+00:00\" \/>\n<meta property=\"og:image\" content=\"https:\/\/thenote.dk\/wp-content\/uploads\/2024\/08\/web_TheNote_RAISFOTO_C1__2916.jpg\" \/>\n\t<meta property=\"og:image:width\" content=\"2200\" \/>\n\t<meta property=\"og:image:height\" content=\"1467\" \/>\n\t<meta property=\"og:image:type\" content=\"image\/jpeg\" \/>\n<meta name=\"twitter:card\" content=\"summary_large_image\" \/>\n<script type=\"application\/ld+json\" class=\"yoast-schema-graph\">{\"@context\":\"https:\\\/\\\/schema.org\",\"@graph\":[{\"@type\":\"WebPage\",\"@id\":\"https:\\\/\\\/thenote.dk\\\/da\\\/bliv-vores-kollega\\\/\",\"url\":\"https:\\\/\\\/thenote.dk\\\/da\\\/bliv-vores-kollega\\\/\",\"name\":\"Job p\u00e5 The Note\",\"isPartOf\":{\"@id\":\"https:\\\/\\\/thenote.dk\\\/da\\\/#website\"},\"primaryImageOfPage\":{\"@id\":\"https:\\\/\\\/thenote.dk\\\/da\\\/bliv-vores-kollega\\\/#primaryimage\"},\"image\":{\"@id\":\"https:\\\/\\\/thenote.dk\\\/da\\\/bliv-vores-kollega\\\/#primaryimage\"},\"thumbnailUrl\":\"https:\\\/\\\/thenote.dk\\\/wp-content\\\/uploads\\\/2024\\\/08\\\/web_TheNote_RAISFOTO_C1__2916-1024x683.jpg\",\"datePublished\":\"2022-09-15T13:36:51+00:00\",\"dateModified\":\"2026-01-07T11:39:11+00:00\",\"description\":\"Bliv vores kollega p\u00e5 The Note! Herunder finder du alle nuv\u00e6rende ledige stillinger p\u00e5 The Note.\",\"breadcrumb\":{\"@id\":\"https:\\\/\\\/thenote.dk\\\/da\\\/bliv-vores-kollega\\\/#breadcrumb\"},\"inLanguage\":\"da-DK\",\"potentialAction\":[{\"@type\":\"ReadAction\",\"target\":[\"https:\\\/\\\/thenote.dk\\\/da\\\/bliv-vores-kollega\\\/\"]}]},{\"@type\":\"ImageObject\",\"inLanguage\":\"da-DK\",\"@id\":\"https:\\\/\\\/thenote.dk\\\/da\\\/bliv-vores-kollega\\\/#primaryimage\",\"url\":\"https:\\\/\\\/thenote.dk\\\/wp-content\\\/uploads\\\/2024\\\/08\\\/web_TheNote_RAISFOTO_C1__2916-1024x683.jpg\",\"contentUrl\":\"https:\\\/\\\/thenote.dk\\\/wp-content\\\/uploads\\\/2024\\\/08\\\/web_TheNote_RAISFOTO_C1__2916-1024x683.jpg\"},{\"@type\":\"BreadcrumbList\",\"@id\":\"https:\\\/\\\/thenote.dk\\\/da\\\/bliv-vores-kollega\\\/#breadcrumb\",\"itemListElement\":[{\"@type\":\"ListItem\",\"position\":1,\"name\":\"Hjem\",\"item\":\"https:\\\/\\\/thenote.dk\\\/da\\\/forside-2\\\/\"},{\"@type\":\"ListItem\",\"position\":2,\"name\":\"Bliv vores kollega\"}]},{\"@type\":\"WebSite\",\"@id\":\"https:\\\/\\\/thenote.dk\\\/da\\\/#website\",\"url\":\"https:\\\/\\\/thenote.dk\\\/da\\\/\",\"name\":\"The Note\",\"description\":\"Hotel\",\"publisher\":{\"@id\":\"https:\\\/\\\/thenote.dk\\\/da\\\/#organization\"},\"potentialAction\":[{\"@type\":\"SearchAction\",\"target\":{\"@type\":\"EntryPoint\",\"urlTemplate\":\"https:\\\/\\\/thenote.dk\\\/da\\\/?s={search_term_string}\"},\"query-input\":{\"@type\":\"PropertyValueSpecification\",\"valueRequired\":true,\"valueName\":\"search_term_string\"}}],\"inLanguage\":\"da-DK\"},{\"@type\":\"Organization\",\"@id\":\"https:\\\/\\\/thenote.dk\\\/da\\\/#organization\",\"name\":\"The Lodge Billund\",\"url\":\"https:\\\/\\\/thenote.dk\\\/da\\\/\",\"logo\":{\"@type\":\"ImageObject\",\"inLanguage\":\"da-DK\",\"@id\":\"https:\\\/\\\/thenote.dk\\\/da\\\/#\\\/schema\\\/logo\\\/image\\\/\",\"url\":\"https:\\\/\\\/thenote.dk\\\/wp-content\\\/uploads\\\/2020\\\/10\\\/rgb_119_145_138.svg\",\"contentUrl\":\"https:\\\/\\\/thenote.dk\\\/wp-content\\\/uploads\\\/2020\\\/10\\\/rgb_119_145_138.svg\",\"width\":565,\"height\":259,\"caption\":\"The Lodge Billund\"},\"image\":{\"@id\":\"https:\\\/\\\/thenote.dk\\\/da\\\/#\\\/schema\\\/logo\\\/image\\\/\"}}]}<\/script>\n<!-- \/ Yoast SEO plugin. -->","yoast_head_json":{"title":"Job p\u00e5 The Note","description":"Bliv vores kollega p\u00e5 The Note! Herunder finder du alle nuv\u00e6rende ledige stillinger p\u00e5 The Note.","robots":{"index":"index","follow":"follow","max-snippet":"max-snippet:-1","max-image-preview":"max-image-preview:large","max-video-preview":"max-video-preview:-1"},"canonical":"https:\/\/thenote.dk\/da\/bliv-vores-kollega\/","og_locale":"da_DK","og_type":"article","og_title":"Job p\u00e5 The Note","og_description":"Bliv vores kollega p\u00e5 The Note! Herunder finder du alle nuv\u00e6rende ledige stillinger p\u00e5 The Note.","og_url":"https:\/\/thenote.dk\/da\/bliv-vores-kollega\/","og_site_name":"The Note","article_modified_time":"2026-01-07T11:39:11+00:00","og_image":[{"width":2200,"height":1467,"url":"https:\/\/thenote.dk\/wp-content\/uploads\/2024\/08\/web_TheNote_RAISFOTO_C1__2916.jpg","type":"image\/jpeg"}],"twitter_card":"summary_large_image","schema":{"@context":"https:\/\/schema.org","@graph":[{"@type":"WebPage","@id":"https:\/\/thenote.dk\/da\/bliv-vores-kollega\/","url":"https:\/\/thenote.dk\/da\/bliv-vores-kollega\/","name":"Job p\u00e5 The Note","isPartOf":{"@id":"https:\/\/thenote.dk\/da\/#website"},"primaryImageOfPage":{"@id":"https:\/\/thenote.dk\/da\/bliv-vores-kollega\/#primaryimage"},"image":{"@id":"https:\/\/thenote.dk\/da\/bliv-vores-kollega\/#primaryimage"},"thumbnailUrl":"https:\/\/thenote.dk\/wp-content\/uploads\/2024\/08\/web_TheNote_RAISFOTO_C1__2916-1024x683.jpg","datePublished":"2022-09-15T13:36:51+00:00","dateModified":"2026-01-07T11:39:11+00:00","description":"Bliv vores kollega p\u00e5 The Note! Herunder finder du alle nuv\u00e6rende ledige stillinger p\u00e5 The Note.","breadcrumb":{"@id":"https:\/\/thenote.dk\/da\/bliv-vores-kollega\/#breadcrumb"},"inLanguage":"da-DK","potentialAction":[{"@type":"ReadAction","target":["https:\/\/thenote.dk\/da\/bliv-vores-kollega\/"]}]},{"@type":"ImageObject","inLanguage":"da-DK","@id":"https:\/\/thenote.dk\/da\/bliv-vores-kollega\/#primaryimage","url":"https:\/\/thenote.dk\/wp-content\/uploads\/2024\/08\/web_TheNote_RAISFOTO_C1__2916-1024x683.jpg","contentUrl":"https:\/\/thenote.dk\/wp-content\/uploads\/2024\/08\/web_TheNote_RAISFOTO_C1__2916-1024x683.jpg"},{"@type":"BreadcrumbList","@id":"https:\/\/thenote.dk\/da\/bliv-vores-kollega\/#breadcrumb","itemListElement":[{"@type":"ListItem","position":1,"name":"Hjem","item":"https:\/\/thenote.dk\/da\/forside-2\/"},{"@type":"ListItem","position":2,"name":"Bliv vores kollega"}]},{"@type":"WebSite","@id":"https:\/\/thenote.dk\/da\/#website","url":"https:\/\/thenote.dk\/da\/","name":"The Note","description":"Hotel","publisher":{"@id":"https:\/\/thenote.dk\/da\/#organization"},"potentialAction":[{"@type":"SearchAction","target":{"@type":"EntryPoint","urlTemplate":"https:\/\/thenote.dk\/da\/?s={search_term_string}"},"query-input":{"@type":"PropertyValueSpecification","valueRequired":true,"valueName":"search_term_string"}}],"inLanguage":"da-DK"},{"@type":"Organization","@id":"https:\/\/thenote.dk\/da\/#organization","name":"The Lodge Billund","url":"https:\/\/thenote.dk\/da\/","logo":{"@type":"ImageObject","inLanguage":"da-DK","@id":"https:\/\/thenote.dk\/da\/#\/schema\/logo\/image\/","url":"https:\/\/thenote.dk\/wp-content\/uploads\/2020\/10\/rgb_119_145_138.svg","contentUrl":"https:\/\/thenote.dk\/wp-content\/uploads\/2020\/10\/rgb_119_145_138.svg","width":565,"height":259,"caption":"The Lodge Billund"},"image":{"@id":"https:\/\/thenote.dk\/da\/#\/schema\/logo\/image\/"}}]}},"_links":{"self":[{"href":"https:\/\/thenote.dk\/da\/wp-json\/wp\/v2\/pages\/8426","targetHints":{"allow":["GET"]}}],"collection":[{"href":"https:\/\/thenote.dk\/da\/wp-json\/wp\/v2\/pages"}],"about":[{"href":"https:\/\/thenote.dk\/da\/wp-json\/wp\/v2\/types\/page"}],"author":[{"embeddable":true,"href":"https:\/\/thenote.dk\/da\/wp-json\/wp\/v2\/users\/4"}],"replies":[{"embeddable":true,"href":"https:\/\/thenote.dk\/da\/wp-json\/wp\/v2\/comments?post=8426"}],"version-history":[{"count":4,"href":"https:\/\/thenote.dk\/da\/wp-json\/wp\/v2\/pages\/8426\/revisions"}],"predecessor-version":[{"id":9223,"href":"https:\/\/thenote.dk\/da\/wp-json\/wp\/v2\/pages\/8426\/revisions\/9223"}],"wp:attachment":[{"href":"https:\/\/thenote.dk\/da\/wp-json\/wp\/v2\/media?parent=8426"}],"curies":[{"name":"wp","href":"https:\/\/api.w.org\/{rel}","templated":true}]}}