{"id":8434,"date":"2024-06-24T06:22:28","date_gmt":"2024-06-24T06:22:28","guid":{"rendered":"https:\/\/thenote.dk\/parkering\/"},"modified":"2025-07-07T06:30:18","modified_gmt":"2025-07-07T06:30:18","slug":"parkering","status":"publish","type":"page","link":"https:\/\/thenote.dk\/da\/parkering\/","title":{"rendered":"Parkering"},"content":{"rendered":"\t\t<div data-elementor-type=\"wp-page\" data-elementor-id=\"8434\" class=\"elementor elementor-8434 elementor-5568\" data-elementor-post-type=\"page\">\n\t\t\t\t<div class=\"elementor-element elementor-element-46ed353 e-flex e-con-boxed e-con e-parent\" data-id=\"46ed353\" data-element_type=\"container\" data-e-type=\"container\" data-settings=\"{&quot;_ob_use_container_extras&quot;:&quot;no&quot;,&quot;_ob_column_hoveranimator&quot;:&quot;no&quot;,&quot;_ob_glider_is_slider&quot;:&quot;no&quot;,&quot;_ob_column_has_pseudo&quot;:&quot;no&quot;}\">\n\t\t\t\t\t<div class=\"e-con-inner\">\n\t\t\t\t<div class=\"elementor-element elementor-element-72e8545 ob-harakiri-inherit ob-has-background-overlay elementor-widget elementor-widget-text-editor\" data-id=\"72e8545\" data-element_type=\"widget\" data-e-type=\"widget\" data-settings=\"{&quot;_ob_use_harakiri&quot;:&quot;yes&quot;,&quot;_ob_harakiri_writing_mode&quot;:&quot;inherit&quot;,&quot;_ob_postman_use&quot;:&quot;no&quot;,&quot;_ob_widget_stalker_use&quot;:&quot;no&quot;,&quot;_ob_poopart_use&quot;:&quot;yes&quot;,&quot;_ob_shadough_use&quot;:&quot;no&quot;,&quot;_ob_allow_hoveranimator&quot;:&quot;no&quot;}\" data-widget_type=\"text-editor.default\">\n\t\t\t\t<div class=\"elementor-widget-container\">\n\t\t\t\t\t\t\t\t\t<h2 style=\"text-align: left;\"><span style=\"color: #ffffff;\">Parkering p\u00e5 The Note<\/span><\/h2>\t\t\t\t\t\t\t\t<\/div>\n\t\t\t\t<\/div>\n\t\t\t\t<div class=\"elementor-element elementor-element-bda0975 ob-harakiri-inherit ob-has-background-overlay elementor-widget elementor-widget-text-editor\" data-id=\"bda0975\" data-element_type=\"widget\" data-e-type=\"widget\" data-settings=\"{&quot;_ob_use_harakiri&quot;:&quot;yes&quot;,&quot;_ob_harakiri_writing_mode&quot;:&quot;inherit&quot;,&quot;_ob_postman_use&quot;:&quot;no&quot;,&quot;_ob_widget_stalker_use&quot;:&quot;no&quot;,&quot;_ob_poopart_use&quot;:&quot;yes&quot;,&quot;_ob_shadough_use&quot;:&quot;no&quot;,&quot;_ob_allow_hoveranimator&quot;:&quot;no&quot;}\" data-widget_type=\"text-editor.default\">\n\t\t\t\t<div class=\"elementor-widget-container\">\n\t\t\t\t\t\t\t\t\t<p data-start=\"36\" data-end=\"70\">P\u00e5 The Note kan du parkere to steder:<\/p><p data-start=\"72\" data-end=\"123\"><strong data-start=\"72\" data-end=\"87\">Flegborg 10<\/strong> (in front of the hotel)<br data-start=\"111\" data-end=\"114\">Prices:<\/p><ul data-start=\"124\" data-end=\"250\"><li data-start=\"124\" data-end=\"144\">Per time: 25,-<\/li><li data-start=\"145\" data-end=\"250\">24 timers parkering: 115,- (v\u00e6r opm\u00e6rksom p\u00e5, at din plads ikke kan garanteres, hvis du forlader den)<\/li><\/ul><p data-start=\"252\" data-end=\"311\"><strong data-start=\"252\" data-end=\"266\">Flegmade 6A-6B <\/strong>(a 2-minute walk from the hotel)<br data-start=\"299\" data-end=\"302\">Prices:<\/p><ul data-start=\"312\" data-end=\"358\"><li data-start=\"312\" data-end=\"332\">Per time: 18,-<\/li><li data-start=\"333\" data-end=\"358\">24 timers parkering: 95,- (v\u00e6r opm\u00e6rksom p\u00e5, at din plads ikke kan garanteres, hvis du forlader den)<\/li><\/ul><p>Subject to price changes. Rules and prices in the parking app apply. Please follow the guidelines on-site.<br data-start=\"486\" data-end=\"489\">It is not possible to reserve parking.  <\/p>\t\t\t\t\t\t\t\t<\/div>\n\t\t\t\t<\/div>\n\t\t\t\t<div class=\"elementor-element elementor-element-34fb8b1 ob-harakiri-inherit ob-has-background-overlay elementor-widget elementor-widget-text-editor\" data-id=\"34fb8b1\" data-element_type=\"widget\" data-e-type=\"widget\" data-settings=\"{&quot;_ob_use_harakiri&quot;:&quot;yes&quot;,&quot;_ob_harakiri_writing_mode&quot;:&quot;inherit&quot;,&quot;_ob_postman_use&quot;:&quot;no&quot;,&quot;_ob_widget_stalker_use&quot;:&quot;no&quot;,&quot;_ob_poopart_use&quot;:&quot;yes&quot;,&quot;_ob_shadough_use&quot;:&quot;no&quot;,&quot;_ob_allow_hoveranimator&quot;:&quot;no&quot;}\" data-widget_type=\"text-editor.default\">\n\t\t\t\t<div class=\"elementor-widget-container\">\n\t\t\t\t\t\t\t\t\t<h3>Se vores videoguide til parkering<\/h3>\t\t\t\t\t\t\t\t<\/div>\n\t\t\t\t<\/div>\n\t\t\t\t\t<\/div>\n\t\t\t\t<\/div>\n\t\t<div class=\"elementor-element elementor-element-31ed2e9 e-flex e-con-boxed e-con e-parent\" data-id=\"31ed2e9\" data-element_type=\"container\" data-e-type=\"container\" data-settings=\"{&quot;_ob_use_container_extras&quot;:&quot;no&quot;,&quot;_ob_column_hoveranimator&quot;:&quot;no&quot;,&quot;_ob_glider_is_slider&quot;:&quot;no&quot;,&quot;_ob_column_has_pseudo&quot;:&quot;no&quot;}\">\n\t\t\t\t\t<div class=\"e-con-inner\">\n\t\t\t\t<div class=\"elementor-element elementor-element-2f07742 ob-has-background-overlay elementor-widget elementor-widget-video\" data-id=\"2f07742\" data-element_type=\"widget\" data-e-type=\"widget\" data-settings=\"{&quot;video_type&quot;:&quot;hosted&quot;,&quot;autoplay&quot;:&quot;yes&quot;,&quot;play_on_mobile&quot;:&quot;yes&quot;,&quot;controls&quot;:&quot;yes&quot;,&quot;_ob_widget_stalker_use&quot;:&quot;no&quot;,&quot;_ob_poopart_use&quot;:&quot;yes&quot;,&quot;_ob_shadough_use&quot;:&quot;no&quot;,&quot;_ob_allow_hoveranimator&quot;:&quot;no&quot;}\" data-widget_type=\"video.default\">\n\t\t\t\t<div class=\"elementor-widget-container\">\n\t\t\t\t\t\t\t<div class=\"e-hosted-video elementor-wrapper elementor-open-inline\">\n\t\t\t\t\t<video class=\"elementor-video\" src=\"https:\/\/thenote.dk\/wp-content\/uploads\/2024\/08\/The-Note-parkeringsvideo-1.mp4\" autoplay=\"\" controls=\"\" playsinline=\"\" controlsList=\"nodownload\"><\/video>\n\t\t\t\t<\/div>\n\t\t\t\t\t\t<\/div>\n\t\t\t\t<\/div>\n\t\t\t\t\t<\/div>\n\t\t\t\t<\/div>\n\t\t<div class=\"elementor-element elementor-element-ee3edea e-flex e-con-boxed e-con e-parent\" data-id=\"ee3edea\" data-element_type=\"container\" data-e-type=\"container\" data-settings=\"{&quot;_ob_use_container_extras&quot;:&quot;no&quot;,&quot;_ob_column_hoveranimator&quot;:&quot;no&quot;,&quot;_ob_glider_is_slider&quot;:&quot;no&quot;,&quot;_ob_column_has_pseudo&quot;:&quot;no&quot;}\">\n\t\t\t\t\t<div class=\"e-con-inner\">\n\t\t\t\t<div data-dce-text-color=\"#FFFFFF\" class=\"elementor-element elementor-element-c33a7ca ob-harakiri-inherit ob-has-background-overlay elementor-widget elementor-widget-text-editor\" data-id=\"c33a7ca\" data-element_type=\"widget\" data-e-type=\"widget\" data-settings=\"{&quot;_ob_use_harakiri&quot;:&quot;yes&quot;,&quot;_ob_harakiri_writing_mode&quot;:&quot;inherit&quot;,&quot;_ob_postman_use&quot;:&quot;no&quot;,&quot;_ob_widget_stalker_use&quot;:&quot;no&quot;,&quot;_ob_poopart_use&quot;:&quot;yes&quot;,&quot;_ob_shadough_use&quot;:&quot;no&quot;,&quot;_ob_allow_hoveranimator&quot;:&quot;no&quot;}\" data-widget_type=\"text-editor.default\">\n\t\t\t\t<div class=\"elementor-widget-container\">\n\t\t\t\t\t\t\t\t\t<h3>Download parkeringsapp<\/h3>\t\t\t\t\t\t\t\t<\/div>\n\t\t\t\t<\/div>\n\t\t\t\t<div data-dce-text-color=\"#FFFFFF\" class=\"elementor-element elementor-element-a550cd1 ob-harakiri-inherit ob-has-background-overlay elementor-widget elementor-widget-text-editor\" data-id=\"a550cd1\" data-element_type=\"widget\" data-e-type=\"widget\" data-settings=\"{&quot;_ob_use_harakiri&quot;:&quot;yes&quot;,&quot;_ob_harakiri_writing_mode&quot;:&quot;inherit&quot;,&quot;_ob_postman_use&quot;:&quot;no&quot;,&quot;_ob_widget_stalker_use&quot;:&quot;no&quot;,&quot;_ob_poopart_use&quot;:&quot;yes&quot;,&quot;_ob_shadough_use&quot;:&quot;no&quot;,&quot;_ob_allow_hoveranimator&quot;:&quot;no&quot;}\" data-widget_type=\"text-editor.default\">\n\t\t\t\t<div class=\"elementor-widget-container\">\n\t\t\t\t\t\t\t\t\t<p><a href=\"https:\/\/www.easypark.com\/en-dk\/download\">Download EasyPark-app&#8217;en.<\/a> Klik p\u00e5 <a href=\"https:\/\/www.easypark.com\/en-dk\/download\">linket<\/a> for at downloade.<\/p>\t\t\t\t\t\t\t\t<\/div>\n\t\t\t\t<\/div>\n\t\t\t\t<div class=\"elementor-element elementor-element-1a7776d elementor-widget-divider--view-line ob-has-background-overlay elementor-widget elementor-widget-divider\" data-id=\"1a7776d\" data-element_type=\"widget\" data-e-type=\"widget\" data-settings=\"{&quot;_ob_widget_stalker_use&quot;:&quot;no&quot;,&quot;_ob_poopart_use&quot;:&quot;yes&quot;,&quot;_ob_shadough_use&quot;:&quot;no&quot;,&quot;_ob_allow_hoveranimator&quot;:&quot;no&quot;}\" data-widget_type=\"divider.default\">\n\t\t\t\t<div class=\"elementor-widget-container\">\n\t\t\t\t\t\t\t<div class=\"elementor-divider\">\n\t\t\t<span class=\"elementor-divider-separator\">\n\t\t\t\t\t\t<\/span>\n\t\t<\/div>\n\t\t\t\t\t\t<\/div>\n\t\t\t\t<\/div>\n\t\t\t\t<div class=\"elementor-element elementor-element-56c9343 ob-harakiri-inherit ob-has-background-overlay elementor-widget elementor-widget-text-editor\" data-id=\"56c9343\" data-element_type=\"widget\" data-e-type=\"widget\" data-settings=\"{&quot;_ob_use_harakiri&quot;:&quot;yes&quot;,&quot;_ob_harakiri_writing_mode&quot;:&quot;inherit&quot;,&quot;_ob_postman_use&quot;:&quot;no&quot;,&quot;_ob_widget_stalker_use&quot;:&quot;no&quot;,&quot;_ob_poopart_use&quot;:&quot;yes&quot;,&quot;_ob_shadough_use&quot;:&quot;no&quot;,&quot;_ob_allow_hoveranimator&quot;:&quot;no&quot;}\" data-widget_type=\"text-editor.default\">\n\t\t\t\t<div class=\"elementor-widget-container\">\n\t\t\t\t\t\t\t\t\t<p>Leder du efter steder at k\u00f8re hen? Tjek vores <a href=\"https:\/\/thenote.dk\/da\/opdag-vejle\/\">guide til Vejle og omegn lige her<\/a>. <\/p>\t\t\t\t\t\t\t\t<\/div>\n\t\t\t\t<\/div>\n\t\t\t\t\t<\/div>\n\t\t\t\t<\/div>\n\t\t\t\t<\/div>\n\t\t","protected":false},"excerpt":{"rendered":"<p>Parkering p\u00e5 The Note P\u00e5 The Note kan du parkere to steder: Flegborg 10 (in front of the hotel)Prices: Per time: 25,- 24 timers parkering: 115,- (v\u00e6r opm\u00e6rksom p\u00e5, at din plads ikke kan garanteres, hvis du forlader den) Flegmade 6A-6B (a 2-minute walk from the hotel)Prices: Per time: 18,- 24 timers parkering: 95,- (v\u00e6r [&hellip;]<\/p>\n","protected":false},"author":2,"featured_media":0,"parent":0,"menu_order":0,"comment_status":"closed","ping_status":"closed","template":"","meta":{"_acf_changed":false,"footnotes":""},"class_list":["post-8434","page","type-page","status-publish","hentry"],"acf":[],"yoast_head":"<!-- This site is optimized with the Yoast SEO plugin v27.4 - https:\/\/yoast.com\/product\/yoast-seo-wordpress\/ -->\n<title>Barmenu p\u00e5 The Note<\/title>\n<meta name=\"description\" content=\"Parkering ved The Note er mulig to steder \u2013 foran hotellet eller en to minutters g\u00e5tur derfra. Se vores video-guide til parkering.\" \/>\n<meta name=\"robots\" content=\"index, follow, max-snippet:-1, max-image-preview:large, max-video-preview:-1\" \/>\n<link rel=\"canonical\" href=\"https:\/\/thenote.dk\/da\/parkering\/\" \/>\n<meta property=\"og:locale\" content=\"da_DK\" \/>\n<meta property=\"og:type\" content=\"article\" \/>\n<meta property=\"og:title\" content=\"Barmenu p\u00e5 The Note\" \/>\n<meta property=\"og:description\" content=\"Parkering ved The Note er mulig to steder \u2013 foran hotellet eller en to minutters g\u00e5tur derfra. Se vores video-guide til parkering.\" \/>\n<meta property=\"og:url\" content=\"https:\/\/thenote.dk\/da\/parkering\/\" \/>\n<meta property=\"og:site_name\" content=\"The Note\" \/>\n<meta property=\"article:modified_time\" content=\"2025-07-07T06:30:18+00:00\" \/>\n<meta name=\"twitter:card\" content=\"summary_large_image\" \/>\n<meta name=\"twitter:label1\" content=\"Estimeret l\u00e6setid\" \/>\n\t<meta name=\"twitter:data1\" content=\"1 minut\" \/>\n<script type=\"application\/ld+json\" class=\"yoast-schema-graph\">{\"@context\":\"https:\\\/\\\/schema.org\",\"@graph\":[{\"@type\":\"WebPage\",\"@id\":\"https:\\\/\\\/thenote.dk\\\/da\\\/parkering\\\/\",\"url\":\"https:\\\/\\\/thenote.dk\\\/da\\\/parkering\\\/\",\"name\":\"Barmenu p\u00e5 The Note\",\"isPartOf\":{\"@id\":\"https:\\\/\\\/thenote.dk\\\/da\\\/#website\"},\"datePublished\":\"2024-06-24T06:22:28+00:00\",\"dateModified\":\"2025-07-07T06:30:18+00:00\",\"description\":\"Parkering ved The Note er mulig to steder \u2013 foran hotellet eller en to minutters g\u00e5tur derfra. Se vores video-guide til parkering.\",\"breadcrumb\":{\"@id\":\"https:\\\/\\\/thenote.dk\\\/da\\\/parkering\\\/#breadcrumb\"},\"inLanguage\":\"da-DK\",\"potentialAction\":[{\"@type\":\"ReadAction\",\"target\":[\"https:\\\/\\\/thenote.dk\\\/da\\\/parkering\\\/\"]}]},{\"@type\":\"BreadcrumbList\",\"@id\":\"https:\\\/\\\/thenote.dk\\\/da\\\/parkering\\\/#breadcrumb\",\"itemListElement\":[{\"@type\":\"ListItem\",\"position\":1,\"name\":\"Hjem\",\"item\":\"https:\\\/\\\/thenote.dk\\\/da\\\/forside-2\\\/\"},{\"@type\":\"ListItem\",\"position\":2,\"name\":\"Parkering\"}]},{\"@type\":\"WebSite\",\"@id\":\"https:\\\/\\\/thenote.dk\\\/da\\\/#website\",\"url\":\"https:\\\/\\\/thenote.dk\\\/da\\\/\",\"name\":\"The Note\",\"description\":\"Hotel\",\"publisher\":{\"@id\":\"https:\\\/\\\/thenote.dk\\\/da\\\/#organization\"},\"potentialAction\":[{\"@type\":\"SearchAction\",\"target\":{\"@type\":\"EntryPoint\",\"urlTemplate\":\"https:\\\/\\\/thenote.dk\\\/da\\\/?s={search_term_string}\"},\"query-input\":{\"@type\":\"PropertyValueSpecification\",\"valueRequired\":true,\"valueName\":\"search_term_string\"}}],\"inLanguage\":\"da-DK\"},{\"@type\":\"Organization\",\"@id\":\"https:\\\/\\\/thenote.dk\\\/da\\\/#organization\",\"name\":\"The Lodge Billund\",\"url\":\"https:\\\/\\\/thenote.dk\\\/da\\\/\",\"logo\":{\"@type\":\"ImageObject\",\"inLanguage\":\"da-DK\",\"@id\":\"https:\\\/\\\/thenote.dk\\\/da\\\/#\\\/schema\\\/logo\\\/image\\\/\",\"url\":\"https:\\\/\\\/thenote.dk\\\/wp-content\\\/uploads\\\/2020\\\/10\\\/rgb_119_145_138.svg\",\"contentUrl\":\"https:\\\/\\\/thenote.dk\\\/wp-content\\\/uploads\\\/2020\\\/10\\\/rgb_119_145_138.svg\",\"width\":565,\"height\":259,\"caption\":\"The Lodge Billund\"},\"image\":{\"@id\":\"https:\\\/\\\/thenote.dk\\\/da\\\/#\\\/schema\\\/logo\\\/image\\\/\"}}]}<\/script>\n<!-- \/ Yoast SEO plugin. -->","yoast_head_json":{"title":"Barmenu p\u00e5 The Note","description":"Parkering ved The Note er mulig to steder \u2013 foran hotellet eller en to minutters g\u00e5tur derfra. Se vores video-guide til parkering.","robots":{"index":"index","follow":"follow","max-snippet":"max-snippet:-1","max-image-preview":"max-image-preview:large","max-video-preview":"max-video-preview:-1"},"canonical":"https:\/\/thenote.dk\/da\/parkering\/","og_locale":"da_DK","og_type":"article","og_title":"Barmenu p\u00e5 The Note","og_description":"Parkering ved The Note er mulig to steder \u2013 foran hotellet eller en to minutters g\u00e5tur derfra. Se vores video-guide til parkering.","og_url":"https:\/\/thenote.dk\/da\/parkering\/","og_site_name":"The Note","article_modified_time":"2025-07-07T06:30:18+00:00","twitter_card":"summary_large_image","twitter_misc":{"Estimeret l\u00e6setid":"1 minut"},"schema":{"@context":"https:\/\/schema.org","@graph":[{"@type":"WebPage","@id":"https:\/\/thenote.dk\/da\/parkering\/","url":"https:\/\/thenote.dk\/da\/parkering\/","name":"Barmenu p\u00e5 The Note","isPartOf":{"@id":"https:\/\/thenote.dk\/da\/#website"},"datePublished":"2024-06-24T06:22:28+00:00","dateModified":"2025-07-07T06:30:18+00:00","description":"Parkering ved The Note er mulig to steder \u2013 foran hotellet eller en to minutters g\u00e5tur derfra. Se vores video-guide til parkering.","breadcrumb":{"@id":"https:\/\/thenote.dk\/da\/parkering\/#breadcrumb"},"inLanguage":"da-DK","potentialAction":[{"@type":"ReadAction","target":["https:\/\/thenote.dk\/da\/parkering\/"]}]},{"@type":"BreadcrumbList","@id":"https:\/\/thenote.dk\/da\/parkering\/#breadcrumb","itemListElement":[{"@type":"ListItem","position":1,"name":"Hjem","item":"https:\/\/thenote.dk\/da\/forside-2\/"},{"@type":"ListItem","position":2,"name":"Parkering"}]},{"@type":"WebSite","@id":"https:\/\/thenote.dk\/da\/#website","url":"https:\/\/thenote.dk\/da\/","name":"The Note","description":"Hotel","publisher":{"@id":"https:\/\/thenote.dk\/da\/#organization"},"potentialAction":[{"@type":"SearchAction","target":{"@type":"EntryPoint","urlTemplate":"https:\/\/thenote.dk\/da\/?s={search_term_string}"},"query-input":{"@type":"PropertyValueSpecification","valueRequired":true,"valueName":"search_term_string"}}],"inLanguage":"da-DK"},{"@type":"Organization","@id":"https:\/\/thenote.dk\/da\/#organization","name":"The Lodge Billund","url":"https:\/\/thenote.dk\/da\/","logo":{"@type":"ImageObject","inLanguage":"da-DK","@id":"https:\/\/thenote.dk\/da\/#\/schema\/logo\/image\/","url":"https:\/\/thenote.dk\/wp-content\/uploads\/2020\/10\/rgb_119_145_138.svg","contentUrl":"https:\/\/thenote.dk\/wp-content\/uploads\/2020\/10\/rgb_119_145_138.svg","width":565,"height":259,"caption":"The Lodge Billund"},"image":{"@id":"https:\/\/thenote.dk\/da\/#\/schema\/logo\/image\/"}}]}},"_links":{"self":[{"href":"https:\/\/thenote.dk\/da\/wp-json\/wp\/v2\/pages\/8434","targetHints":{"allow":["GET"]}}],"collection":[{"href":"https:\/\/thenote.dk\/da\/wp-json\/wp\/v2\/pages"}],"about":[{"href":"https:\/\/thenote.dk\/da\/wp-json\/wp\/v2\/types\/page"}],"author":[{"embeddable":true,"href":"https:\/\/thenote.dk\/da\/wp-json\/wp\/v2\/users\/2"}],"replies":[{"embeddable":true,"href":"https:\/\/thenote.dk\/da\/wp-json\/wp\/v2\/comments?post=8434"}],"version-history":[{"count":7,"href":"https:\/\/thenote.dk\/da\/wp-json\/wp\/v2\/pages\/8434\/revisions"}],"predecessor-version":[{"id":8601,"href":"https:\/\/thenote.dk\/da\/wp-json\/wp\/v2\/pages\/8434\/revisions\/8601"}],"wp:attachment":[{"href":"https:\/\/thenote.dk\/da\/wp-json\/wp\/v2\/media?parent=8434"}],"curies":[{"name":"wp","href":"https:\/\/api.w.org\/{rel}","templated":true}]}}