{"id":8488,"date":"2024-02-05T11:39:48","date_gmt":"2024-02-05T11:39:48","guid":{"rendered":"https:\/\/thenote.dk\/glemte-sager\/"},"modified":"2025-07-04T06:03:48","modified_gmt":"2025-07-04T06:03:48","slug":"glemte-sager","status":"publish","type":"page","link":"https:\/\/thenote.dk\/da\/glemte-sager\/","title":{"rendered":"Glemte sager"},"content":{"rendered":"\t\t<div data-elementor-type=\"wp-page\" data-elementor-id=\"8488\" class=\"elementor elementor-8488 elementor-4535\" data-elementor-post-type=\"page\">\n\t\t\t\t<div class=\"elementor-element elementor-element-e7cba44 e-flex e-con-boxed e-con e-parent\" data-id=\"e7cba44\" data-element_type=\"container\" data-e-type=\"container\" data-settings=\"{&quot;_ob_use_container_extras&quot;:&quot;no&quot;,&quot;_ob_column_hoveranimator&quot;:&quot;no&quot;,&quot;_ob_glider_is_slider&quot;:&quot;no&quot;,&quot;_ob_column_has_pseudo&quot;:&quot;no&quot;}\">\n\t\t\t\t\t<div class=\"e-con-inner\">\n\t\t\t\t<div class=\"elementor-element elementor-element-916f52c ob-harakiri-inherit ob-has-background-overlay elementor-widget elementor-widget-heading\" data-id=\"916f52c\" data-element_type=\"widget\" data-e-type=\"widget\" data-settings=\"{&quot;_ob_use_harakiri&quot;:&quot;yes&quot;,&quot;_ob_harakiri_writing_mode&quot;:&quot;inherit&quot;,&quot;_ob_harakiri_text_clip&quot;:&quot;none&quot;,&quot;_ob_widget_stalker_use&quot;:&quot;no&quot;,&quot;_ob_poopart_use&quot;:&quot;yes&quot;,&quot;_ob_shadough_use&quot;:&quot;no&quot;,&quot;_ob_allow_hoveranimator&quot;:&quot;no&quot;}\" data-widget_type=\"heading.default\">\n\t\t\t\t<div class=\"elementor-widget-container\">\n\t\t\t\t\t<h2 class=\"elementor-heading-title elementor-size-default\">Glemte sager<\/h2>\t\t\t\t<\/div>\n\t\t\t\t<\/div>\n\t\t\t\t\t<\/div>\n\t\t\t\t<\/div>\n\t\t<div class=\"elementor-element elementor-element-efd2b8e e-flex e-con-boxed e-con e-parent\" data-id=\"efd2b8e\" data-element_type=\"container\" data-e-type=\"container\" data-settings=\"{&quot;_ob_use_container_extras&quot;:&quot;no&quot;,&quot;_ob_column_hoveranimator&quot;:&quot;no&quot;,&quot;_ob_glider_is_slider&quot;:&quot;no&quot;,&quot;_ob_column_has_pseudo&quot;:&quot;no&quot;}\">\n\t\t\t\t\t<div class=\"e-con-inner\">\n\t\t\t\t<div class=\"elementor-element elementor-element-c655a01 ob-harakiri-inherit ob-has-background-overlay elementor-widget elementor-widget-text-editor\" data-id=\"c655a01\" data-element_type=\"widget\" data-e-type=\"widget\" data-settings=\"{&quot;_ob_use_harakiri&quot;:&quot;yes&quot;,&quot;_ob_harakiri_writing_mode&quot;:&quot;inherit&quot;,&quot;_ob_postman_use&quot;:&quot;no&quot;,&quot;_ob_widget_stalker_use&quot;:&quot;no&quot;,&quot;_ob_poopart_use&quot;:&quot;yes&quot;,&quot;_ob_shadough_use&quot;:&quot;no&quot;,&quot;_ob_allow_hoveranimator&quot;:&quot;no&quot;}\" data-widget_type=\"text-editor.default\">\n\t\t\t\t<div class=\"elementor-widget-container\">\n\t\t\t\t\t\t\t\t\t<p>Ting glemmes og findes p\u00e5 The Note. Har du glemt noget p\u00e5 The Note? M\u00e5ske har vi fundet det!  <\/p><p>Udfyld venligst kontaktformularen herunder og beskriv den glemte sag s\u00e5 detaljeret som muligt.<\/p><p>Hvis vi har fundet dine ting, kontakter vi dig. Du kan enten hente din glemte sag p\u00e5 The Note, eller vi kan sende den til dig. Vi bruger pakke.dk til at sende glemte sager \u2013 dette er p\u00e5 modtagers regning, og pakken skal afhentes p\u00e5 The Note af fragtfirmaet.  <\/p><p>The Note tager ikke ansvar for glemte sager og kan ikke garantere, at tingen bliver fundet. Glemte sager opbevares i 30 dage. <\/p>\t\t\t\t\t\t\t\t<\/div>\n\t\t\t\t<\/div>\n\t\t\t\t\t<\/div>\n\t\t\t\t<\/div>\n\t\t<div class=\"elementor-element elementor-element-38c4e20 e-flex e-con-boxed e-con e-parent\" data-id=\"38c4e20\" data-element_type=\"container\" data-e-type=\"container\" data-settings=\"{&quot;_ob_use_container_extras&quot;:&quot;no&quot;,&quot;_ob_column_hoveranimator&quot;:&quot;no&quot;,&quot;_ob_glider_is_slider&quot;:&quot;no&quot;,&quot;_ob_column_has_pseudo&quot;:&quot;no&quot;}\">\n\t\t\t\t\t<div class=\"e-con-inner\">\n\t\t\t\t<div class=\"elementor-element elementor-element-309acdb elementor-button-align-stretch ob-has-background-overlay elementor-widget elementor-widget-form\" data-id=\"309acdb\" data-element_type=\"widget\" data-e-type=\"widget\" data-settings=\"{&quot;step_next_label&quot;:&quot;N\\u00e6ste&quot;,&quot;step_previous_label&quot;:&quot;Tilbage&quot;,&quot;button_width&quot;:&quot;100&quot;,&quot;step_type&quot;:&quot;number_text&quot;,&quot;step_icon_shape&quot;:&quot;circle&quot;,&quot;_ob_widget_stalker_use&quot;:&quot;no&quot;,&quot;_ob_poopart_use&quot;:&quot;yes&quot;,&quot;_ob_shadough_use&quot;:&quot;no&quot;,&quot;_ob_allow_hoveranimator&quot;:&quot;no&quot;}\" data-widget_type=\"form.default\">\n\t\t\t\t<div class=\"elementor-widget-container\">\n\t\t\t\t\t\t\t<form class=\"elementor-form\" method=\"post\" name=\"New Form\" aria-label=\"New Form\">\n\t\t\t<input type=\"hidden\" name=\"post_id\" value=\"8488\"\/>\n\t\t\t<input type=\"hidden\" name=\"form_id\" value=\"309acdb\"\/>\n\t\t\t<input type=\"hidden\" name=\"referer_title\" value=\"Glemte sager - The Note\" \/>\n\n\t\t\t\t\t\t\t<input type=\"hidden\" name=\"queried_id\" value=\"8488\"\/>\n\t\t\t\n\t\t\t<div class=\"elementor-form-fields-wrapper elementor-labels-above\">\n\t\t\t\t\t\t\t\t<div class=\"elementor-field-type-text elementor-field-group elementor-column elementor-field-group-name elementor-col-100 elementor-field-required\">\n\t\t\t\t\t\t\t\t\t\t\t\t<label for=\"form-field-name\" class=\"elementor-field-label\">\n\t\t\t\t\t\t\t\tNavn\t\t\t\t\t\t\t<\/label>\n\t\t\t\t\t\t\t\t\t\t\t\t\t\t<input size=\"1\" type=\"text\" name=\"form_fields[name]\" id=\"form-field-name\" class=\"elementor-field elementor-size-sm  elementor-field-textual\" placeholder=\"Navn\" required=\"required\">\n\t\t\t\t\t\t\t\t\t\t\t<\/div>\n\t\t\t\t\t\t\t\t<div class=\"elementor-field-type-email elementor-field-group elementor-column elementor-field-group-email elementor-col-100 elementor-field-required\">\n\t\t\t\t\t\t\t\t\t\t\t\t<label for=\"form-field-email\" class=\"elementor-field-label\">\n\t\t\t\t\t\t\t\tEmail\t\t\t\t\t\t\t<\/label>\n\t\t\t\t\t\t\t\t\t\t\t\t\t\t<input size=\"1\" type=\"email\" name=\"form_fields[email]\" id=\"form-field-email\" class=\"elementor-field elementor-size-sm  elementor-field-textual\" placeholder=\"Email\" required=\"required\">\n\t\t\t\t\t\t\t\t\t\t\t<\/div>\n\t\t\t\t\t\t\t\t<div class=\"elementor-field-type-tel elementor-field-group elementor-column elementor-field-group-message elementor-col-100 elementor-field-required\">\n\t\t\t\t\t\t\t\t\t\t\t\t<label for=\"form-field-message\" class=\"elementor-field-label\">\n\t\t\t\t\t\t\t\tTelefonnummer\t\t\t\t\t\t\t<\/label>\n\t\t\t\t\t\t\t\t<input size=\"1\" type=\"tel\" name=\"form_fields[message]\" id=\"form-field-message\" class=\"elementor-field elementor-size-sm  elementor-field-textual\" placeholder=\"Telefonnummer\" required=\"required\" pattern=\"[0-9()#&amp;+*-=.]+\" title=\"Kun tal og telefonkarakterer (#,-,*, o.s.v.) accepteres.\">\n\n\t\t\t\t\t\t<\/div>\n\t\t\t\t\t\t\t\t<div class=\"elementor-field-type-text elementor-field-group elementor-column elementor-field-group-field_64de93c elementor-col-100 elementor-field-required\">\n\t\t\t\t\t\t\t\t\t\t\t\t<label for=\"form-field-field_64de93c\" class=\"elementor-field-label\">\n\t\t\t\t\t\t\t\tV\u00e6relsesnummer\t\t\t\t\t\t\t<\/label>\n\t\t\t\t\t\t\t\t\t\t\t\t\t\t<input size=\"1\" type=\"text\" name=\"form_fields[field_64de93c]\" id=\"form-field-field_64de93c\" class=\"elementor-field elementor-size-sm  elementor-field-textual\" placeholder=\"V\u00e6relsesnummer\" required=\"required\">\n\t\t\t\t\t\t\t\t\t\t\t<\/div>\n\t\t\t\t\t\t\t\t<div class=\"elementor-field-type-date elementor-field-group elementor-column elementor-field-group-field_64659eb elementor-col-100 elementor-field-required\">\n\t\t\t\t\t\t\t\t\t\t\t\t<label for=\"form-field-field_64659eb\" class=\"elementor-field-label\">\n\t\t\t\t\t\t\t\tAfrejsedato\t\t\t\t\t\t\t<\/label>\n\t\t\t\t\t\t\n\t\t<input type=\"date\" name=\"form_fields[field_64659eb]\" id=\"form-field-field_64659eb\" class=\"elementor-field elementor-size-sm  elementor-field-textual elementor-date-field\" placeholder=\"Afrejsedato\" required=\"required\" pattern=\"[0-9]{4}-[0-9]{2}-[0-9]{2}\" min=\"2024-01-01\">\n\t\t\t\t\t\t<\/div>\n\t\t\t\t\t\t\t\t<div class=\"elementor-field-type-textarea elementor-field-group elementor-column elementor-field-group-field_fd80637 elementor-col-100 elementor-field-required\">\n\t\t\t\t\t\t\t\t\t\t\t\t<label for=\"form-field-field_fd80637\" class=\"elementor-field-label\">\n\t\t\t\t\t\t\t\tBeskrivelse af den glemte sag\t\t\t\t\t\t\t<\/label>\n\t\t\t\t\t\t<textarea class=\"elementor-field-textual elementor-field  elementor-size-sm\" name=\"form_fields[field_fd80637]\" id=\"form-field-field_fd80637\" rows=\"4\" placeholder=\"Beskrivelse af den glemte sag\" required=\"required\"><\/textarea>\t\t\t\t<\/div>\n\t\t\t\t\t\t\t\t<div class=\"elementor-field-group elementor-column elementor-field-type-submit elementor-col-100 e-form__buttons\">\n\t\t\t\t\t<button class=\"elementor-button elementor-size-sm\" type=\"submit\">\n\t\t\t\t\t\t<span class=\"elementor-button-content-wrapper\">\n\t\t\t\t\t\t\t\t\t\t\t\t\t\t\t\t\t\t\t\t\t\t<span class=\"elementor-button-text\">Send<\/span>\n\t\t\t\t\t\t\t\t\t\t\t\t\t<\/span>\n\t\t\t\t\t<\/button>\n\t\t\t\t<\/div>\n\t\t\t<\/div>\n\t\t<\/form>\n\t\t\t\t\t\t<\/div>\n\t\t\t\t<\/div>\n\t\t\t\t<div class=\"elementor-element elementor-element-237713d ob-has-background-overlay elementor-widget elementor-widget-image\" data-id=\"237713d\" data-element_type=\"widget\" data-e-type=\"widget\" data-settings=\"{&quot;_ob_photomorph_use&quot;:&quot;no&quot;,&quot;_ob_widget_stalker_use&quot;:&quot;no&quot;,&quot;_ob_poopart_use&quot;:&quot;yes&quot;,&quot;_ob_shadough_use&quot;:&quot;no&quot;,&quot;_ob_allow_hoveranimator&quot;:&quot;no&quot;}\" data-widget_type=\"image.default\">\n\t\t\t\t<div class=\"elementor-widget-container\">\n\t\t\t\t\t\t\t\t\t\t\t\t\t\t\t\t<a href=\"https:\/\/thenote.dk\/rooms2\/\">\n\t\t\t\t\t\t\t<img fetchpriority=\"high\" decoding=\"async\" width=\"800\" height=\"534\" src=\"https:\/\/thenote.dk\/wp-content\/uploads\/2024\/08\/web_TheNote_RAISFOTO_44A9542-1024x683.jpg\" class=\"attachment-large size-large wp-image-8060\" alt=\"\" srcset=\"https:\/\/thenote.dk\/wp-content\/uploads\/2024\/08\/web_TheNote_RAISFOTO_44A9542-1024x683.jpg 1024w, https:\/\/thenote.dk\/wp-content\/uploads\/2024\/08\/web_TheNote_RAISFOTO_44A9542-300x200.jpg 300w, https:\/\/thenote.dk\/wp-content\/uploads\/2024\/08\/web_TheNote_RAISFOTO_44A9542-768x512.jpg 768w, https:\/\/thenote.dk\/wp-content\/uploads\/2024\/08\/web_TheNote_RAISFOTO_44A9542-1536x1024.jpg 1536w, https:\/\/thenote.dk\/wp-content\/uploads\/2024\/08\/web_TheNote_RAISFOTO_44A9542-2048x1366.jpg 2048w\" sizes=\"(max-width: 800px) 100vw, 800px\" \/>\t\t\t\t\t\t\t\t<\/a>\n\t\t\t\t\t\t\t\t\t\t\t\t\t\t\t<\/div>\n\t\t\t\t<\/div>\n\t\t\t\t<div class=\"elementor-element elementor-element-c4826d5 elementor-widget-divider--view-line ob-has-background-overlay elementor-widget elementor-widget-divider\" data-id=\"c4826d5\" data-element_type=\"widget\" data-e-type=\"widget\" data-settings=\"{&quot;_ob_widget_stalker_use&quot;:&quot;no&quot;,&quot;_ob_poopart_use&quot;:&quot;yes&quot;,&quot;_ob_shadough_use&quot;:&quot;no&quot;,&quot;_ob_allow_hoveranimator&quot;:&quot;no&quot;}\" data-widget_type=\"divider.default\">\n\t\t\t\t<div class=\"elementor-widget-container\">\n\t\t\t\t\t\t\t<div class=\"elementor-divider\">\n\t\t\t<span class=\"elementor-divider-separator\">\n\t\t\t\t\t\t<\/span>\n\t\t<\/div>\n\t\t\t\t\t\t<\/div>\n\t\t\t\t<\/div>\n\t\t\t\t<div class=\"elementor-element elementor-element-8266805 ob-harakiri-inherit ob-has-background-overlay elementor-widget elementor-widget-text-editor\" data-id=\"8266805\" data-element_type=\"widget\" data-e-type=\"widget\" data-settings=\"{&quot;_ob_use_harakiri&quot;:&quot;yes&quot;,&quot;_ob_harakiri_writing_mode&quot;:&quot;inherit&quot;,&quot;_ob_postman_use&quot;:&quot;no&quot;,&quot;_ob_widget_stalker_use&quot;:&quot;no&quot;,&quot;_ob_poopart_use&quot;:&quot;yes&quot;,&quot;_ob_shadough_use&quot;:&quot;no&quot;,&quot;_ob_allow_hoveranimator&quot;:&quot;no&quot;}\" data-widget_type=\"text-editor.default\">\n\t\t\t\t<div class=\"elementor-widget-container\">\n\t\t\t\t\t\t\t\t\t<p>Har du slet ikke glemt noget &#8211; men vil bare <a href=\"https:\/\/thenote.dk\/da\/vaerelser\/\">booke et v\u00e6relse<\/a>? <a href=\"https:\/\/thenote.dk\/da\/vaerelser\/\">Klik her<\/a>!<\/p>\t\t\t\t\t\t\t\t<\/div>\n\t\t\t\t<\/div>\n\t\t\t\t\t<\/div>\n\t\t\t\t<\/div>\n\t\t<div class=\"elementor-element elementor-element-a72b7c3 e-flex e-con-boxed e-con e-parent\" data-id=\"a72b7c3\" data-element_type=\"container\" data-e-type=\"container\" data-settings=\"{&quot;_ob_use_container_extras&quot;:&quot;no&quot;,&quot;_ob_column_hoveranimator&quot;:&quot;no&quot;,&quot;_ob_glider_is_slider&quot;:&quot;no&quot;,&quot;_ob_column_has_pseudo&quot;:&quot;no&quot;}\">\n\t\t\t\t\t<div class=\"e-con-inner\">\n\t\t\t\t<div class=\"elementor-element elementor-element-836833e ob-has-background-overlay elementor-widget elementor-widget-spacer\" data-id=\"836833e\" data-element_type=\"widget\" data-e-type=\"widget\" data-settings=\"{&quot;_ob_spacerat_use&quot;:&quot;no&quot;,&quot;_ob_widget_stalker_use&quot;:&quot;no&quot;,&quot;_ob_poopart_use&quot;:&quot;yes&quot;,&quot;_ob_shadough_use&quot;:&quot;no&quot;,&quot;_ob_allow_hoveranimator&quot;:&quot;no&quot;}\" data-widget_type=\"spacer.default\">\n\t\t\t\t<div class=\"elementor-widget-container\">\n\t\t\t\t\t\t\t<div class=\"elementor-spacer\">\n\t\t\t<div class=\"elementor-spacer-inner\"><\/div>\n\t\t<\/div>\n\t\t\t\t\t\t<\/div>\n\t\t\t\t<\/div>\n\t\t\t\t\t<\/div>\n\t\t\t\t<\/div>\n\t\t\t\t<\/div>\n\t\t","protected":false},"excerpt":{"rendered":"<p>Glemte sager Ting glemmes og findes p\u00e5 The Note. Har du glemt noget p\u00e5 The Note? M\u00e5ske har vi fundet det! Udfyld venligst kontaktformularen herunder og beskriv den glemte sag s\u00e5 detaljeret som muligt. Hvis vi har fundet dine ting, kontakter vi dig. Du kan enten hente din glemte sag p\u00e5 The Note, eller vi [&hellip;]<\/p>\n","protected":false},"author":4,"featured_media":0,"parent":0,"menu_order":0,"comment_status":"closed","ping_status":"closed","template":"","meta":{"_acf_changed":false,"footnotes":""},"class_list":["post-8488","page","type-page","status-publish","hentry"],"acf":[],"yoast_head":"<!-- This site is optimized with the Yoast SEO plugin v27.4 - https:\/\/yoast.com\/product\/yoast-seo-wordpress\/ -->\n<title>Glemte sager - The Note<\/title>\n<meta name=\"description\" content=\"Ting glemmes og findes p\u00e5 The Note. Har du glemt noget p\u00e5 The Note? M\u00e5ske har vi fundet det!\" \/>\n<meta name=\"robots\" content=\"index, follow, max-snippet:-1, max-image-preview:large, max-video-preview:-1\" \/>\n<link rel=\"canonical\" href=\"https:\/\/thenote.dk\/da\/glemte-sager\/\" \/>\n<meta property=\"og:locale\" content=\"da_DK\" \/>\n<meta property=\"og:type\" content=\"article\" \/>\n<meta property=\"og:title\" content=\"Glemte sager - The Note\" \/>\n<meta property=\"og:description\" content=\"Ting glemmes og findes p\u00e5 The Note. Har du glemt noget p\u00e5 The Note? M\u00e5ske har vi fundet det!\" \/>\n<meta property=\"og:url\" content=\"https:\/\/thenote.dk\/da\/glemte-sager\/\" \/>\n<meta property=\"og:site_name\" content=\"The Note\" \/>\n<meta property=\"article:modified_time\" content=\"2025-07-04T06:03:48+00:00\" \/>\n<meta property=\"og:image\" content=\"https:\/\/thenote.dk\/wp-content\/uploads\/2024\/08\/web_TheNote_RAISFOTO_44A9542.jpg\" \/>\n\t<meta property=\"og:image:width\" content=\"2200\" \/>\n\t<meta property=\"og:image:height\" content=\"1467\" \/>\n\t<meta property=\"og:image:type\" content=\"image\/jpeg\" \/>\n<meta name=\"twitter:card\" content=\"summary_large_image\" \/>\n<meta name=\"twitter:label1\" content=\"Estimeret l\u00e6setid\" \/>\n\t<meta name=\"twitter:data1\" content=\"1 minut\" \/>\n<script type=\"application\/ld+json\" class=\"yoast-schema-graph\">{\"@context\":\"https:\\\/\\\/schema.org\",\"@graph\":[{\"@type\":\"WebPage\",\"@id\":\"https:\\\/\\\/thenote.dk\\\/da\\\/glemte-sager\\\/\",\"url\":\"https:\\\/\\\/thenote.dk\\\/da\\\/glemte-sager\\\/\",\"name\":\"Glemte sager - The Note\",\"isPartOf\":{\"@id\":\"https:\\\/\\\/thenote.dk\\\/da\\\/#website\"},\"primaryImageOfPage\":{\"@id\":\"https:\\\/\\\/thenote.dk\\\/da\\\/glemte-sager\\\/#primaryimage\"},\"image\":{\"@id\":\"https:\\\/\\\/thenote.dk\\\/da\\\/glemte-sager\\\/#primaryimage\"},\"thumbnailUrl\":\"https:\\\/\\\/thenote.dk\\\/wp-content\\\/uploads\\\/2024\\\/08\\\/web_TheNote_RAISFOTO_44A9542-1024x683.jpg\",\"datePublished\":\"2024-02-05T11:39:48+00:00\",\"dateModified\":\"2025-07-04T06:03:48+00:00\",\"description\":\"Ting glemmes og findes p\u00e5 The Note. Har du glemt noget p\u00e5 The Note? M\u00e5ske har vi fundet det!\",\"breadcrumb\":{\"@id\":\"https:\\\/\\\/thenote.dk\\\/da\\\/glemte-sager\\\/#breadcrumb\"},\"inLanguage\":\"da-DK\",\"potentialAction\":[{\"@type\":\"ReadAction\",\"target\":[\"https:\\\/\\\/thenote.dk\\\/da\\\/glemte-sager\\\/\"]}]},{\"@type\":\"ImageObject\",\"inLanguage\":\"da-DK\",\"@id\":\"https:\\\/\\\/thenote.dk\\\/da\\\/glemte-sager\\\/#primaryimage\",\"url\":\"https:\\\/\\\/thenote.dk\\\/wp-content\\\/uploads\\\/2024\\\/08\\\/web_TheNote_RAISFOTO_44A9542-1024x683.jpg\",\"contentUrl\":\"https:\\\/\\\/thenote.dk\\\/wp-content\\\/uploads\\\/2024\\\/08\\\/web_TheNote_RAISFOTO_44A9542-1024x683.jpg\"},{\"@type\":\"BreadcrumbList\",\"@id\":\"https:\\\/\\\/thenote.dk\\\/da\\\/glemte-sager\\\/#breadcrumb\",\"itemListElement\":[{\"@type\":\"ListItem\",\"position\":1,\"name\":\"Hjem\",\"item\":\"https:\\\/\\\/thenote.dk\\\/da\\\/forside-2\\\/\"},{\"@type\":\"ListItem\",\"position\":2,\"name\":\"Glemte sager\"}]},{\"@type\":\"WebSite\",\"@id\":\"https:\\\/\\\/thenote.dk\\\/da\\\/#website\",\"url\":\"https:\\\/\\\/thenote.dk\\\/da\\\/\",\"name\":\"The Note\",\"description\":\"Hotel\",\"publisher\":{\"@id\":\"https:\\\/\\\/thenote.dk\\\/da\\\/#organization\"},\"potentialAction\":[{\"@type\":\"SearchAction\",\"target\":{\"@type\":\"EntryPoint\",\"urlTemplate\":\"https:\\\/\\\/thenote.dk\\\/da\\\/?s={search_term_string}\"},\"query-input\":{\"@type\":\"PropertyValueSpecification\",\"valueRequired\":true,\"valueName\":\"search_term_string\"}}],\"inLanguage\":\"da-DK\"},{\"@type\":\"Organization\",\"@id\":\"https:\\\/\\\/thenote.dk\\\/da\\\/#organization\",\"name\":\"The Lodge Billund\",\"url\":\"https:\\\/\\\/thenote.dk\\\/da\\\/\",\"logo\":{\"@type\":\"ImageObject\",\"inLanguage\":\"da-DK\",\"@id\":\"https:\\\/\\\/thenote.dk\\\/da\\\/#\\\/schema\\\/logo\\\/image\\\/\",\"url\":\"https:\\\/\\\/thenote.dk\\\/wp-content\\\/uploads\\\/2020\\\/10\\\/rgb_119_145_138.svg\",\"contentUrl\":\"https:\\\/\\\/thenote.dk\\\/wp-content\\\/uploads\\\/2020\\\/10\\\/rgb_119_145_138.svg\",\"width\":565,\"height\":259,\"caption\":\"The Lodge Billund\"},\"image\":{\"@id\":\"https:\\\/\\\/thenote.dk\\\/da\\\/#\\\/schema\\\/logo\\\/image\\\/\"}}]}<\/script>\n<!-- \/ Yoast SEO plugin. -->","yoast_head_json":{"title":"Glemte sager - The Note","description":"Ting glemmes og findes p\u00e5 The Note. Har du glemt noget p\u00e5 The Note? M\u00e5ske har vi fundet det!","robots":{"index":"index","follow":"follow","max-snippet":"max-snippet:-1","max-image-preview":"max-image-preview:large","max-video-preview":"max-video-preview:-1"},"canonical":"https:\/\/thenote.dk\/da\/glemte-sager\/","og_locale":"da_DK","og_type":"article","og_title":"Glemte sager - The Note","og_description":"Ting glemmes og findes p\u00e5 The Note. Har du glemt noget p\u00e5 The Note? M\u00e5ske har vi fundet det!","og_url":"https:\/\/thenote.dk\/da\/glemte-sager\/","og_site_name":"The Note","article_modified_time":"2025-07-04T06:03:48+00:00","og_image":[{"width":2200,"height":1467,"url":"https:\/\/thenote.dk\/wp-content\/uploads\/2024\/08\/web_TheNote_RAISFOTO_44A9542.jpg","type":"image\/jpeg"}],"twitter_card":"summary_large_image","twitter_misc":{"Estimeret l\u00e6setid":"1 minut"},"schema":{"@context":"https:\/\/schema.org","@graph":[{"@type":"WebPage","@id":"https:\/\/thenote.dk\/da\/glemte-sager\/","url":"https:\/\/thenote.dk\/da\/glemte-sager\/","name":"Glemte sager - The Note","isPartOf":{"@id":"https:\/\/thenote.dk\/da\/#website"},"primaryImageOfPage":{"@id":"https:\/\/thenote.dk\/da\/glemte-sager\/#primaryimage"},"image":{"@id":"https:\/\/thenote.dk\/da\/glemte-sager\/#primaryimage"},"thumbnailUrl":"https:\/\/thenote.dk\/wp-content\/uploads\/2024\/08\/web_TheNote_RAISFOTO_44A9542-1024x683.jpg","datePublished":"2024-02-05T11:39:48+00:00","dateModified":"2025-07-04T06:03:48+00:00","description":"Ting glemmes og findes p\u00e5 The Note. Har du glemt noget p\u00e5 The Note? M\u00e5ske har vi fundet det!","breadcrumb":{"@id":"https:\/\/thenote.dk\/da\/glemte-sager\/#breadcrumb"},"inLanguage":"da-DK","potentialAction":[{"@type":"ReadAction","target":["https:\/\/thenote.dk\/da\/glemte-sager\/"]}]},{"@type":"ImageObject","inLanguage":"da-DK","@id":"https:\/\/thenote.dk\/da\/glemte-sager\/#primaryimage","url":"https:\/\/thenote.dk\/wp-content\/uploads\/2024\/08\/web_TheNote_RAISFOTO_44A9542-1024x683.jpg","contentUrl":"https:\/\/thenote.dk\/wp-content\/uploads\/2024\/08\/web_TheNote_RAISFOTO_44A9542-1024x683.jpg"},{"@type":"BreadcrumbList","@id":"https:\/\/thenote.dk\/da\/glemte-sager\/#breadcrumb","itemListElement":[{"@type":"ListItem","position":1,"name":"Hjem","item":"https:\/\/thenote.dk\/da\/forside-2\/"},{"@type":"ListItem","position":2,"name":"Glemte sager"}]},{"@type":"WebSite","@id":"https:\/\/thenote.dk\/da\/#website","url":"https:\/\/thenote.dk\/da\/","name":"The Note","description":"Hotel","publisher":{"@id":"https:\/\/thenote.dk\/da\/#organization"},"potentialAction":[{"@type":"SearchAction","target":{"@type":"EntryPoint","urlTemplate":"https:\/\/thenote.dk\/da\/?s={search_term_string}"},"query-input":{"@type":"PropertyValueSpecification","valueRequired":true,"valueName":"search_term_string"}}],"inLanguage":"da-DK"},{"@type":"Organization","@id":"https:\/\/thenote.dk\/da\/#organization","name":"The Lodge Billund","url":"https:\/\/thenote.dk\/da\/","logo":{"@type":"ImageObject","inLanguage":"da-DK","@id":"https:\/\/thenote.dk\/da\/#\/schema\/logo\/image\/","url":"https:\/\/thenote.dk\/wp-content\/uploads\/2020\/10\/rgb_119_145_138.svg","contentUrl":"https:\/\/thenote.dk\/wp-content\/uploads\/2020\/10\/rgb_119_145_138.svg","width":565,"height":259,"caption":"The Lodge Billund"},"image":{"@id":"https:\/\/thenote.dk\/da\/#\/schema\/logo\/image\/"}}]}},"_links":{"self":[{"href":"https:\/\/thenote.dk\/da\/wp-json\/wp\/v2\/pages\/8488","targetHints":{"allow":["GET"]}}],"collection":[{"href":"https:\/\/thenote.dk\/da\/wp-json\/wp\/v2\/pages"}],"about":[{"href":"https:\/\/thenote.dk\/da\/wp-json\/wp\/v2\/types\/page"}],"author":[{"embeddable":true,"href":"https:\/\/thenote.dk\/da\/wp-json\/wp\/v2\/users\/4"}],"replies":[{"embeddable":true,"href":"https:\/\/thenote.dk\/da\/wp-json\/wp\/v2\/comments?post=8488"}],"version-history":[{"count":3,"href":"https:\/\/thenote.dk\/da\/wp-json\/wp\/v2\/pages\/8488\/revisions"}],"predecessor-version":[{"id":8538,"href":"https:\/\/thenote.dk\/da\/wp-json\/wp\/v2\/pages\/8488\/revisions\/8538"}],"wp:attachment":[{"href":"https:\/\/thenote.dk\/da\/wp-json\/wp\/v2\/media?parent=8488"}],"curies":[{"name":"wp","href":"https:\/\/api.w.org\/{rel}","templated":true}]}}