{"id":9010,"date":"2025-08-28T13:02:50","date_gmt":"2025-08-28T13:02:50","guid":{"rendered":"https:\/\/thenote.dk\/breathing-room\/"},"modified":"2026-01-07T11:37:42","modified_gmt":"2026-01-07T11:37:42","slug":"breathing-room","status":"publish","type":"page","link":"https:\/\/thenote.dk\/da\/breathing-room\/","title":{"rendered":"Breathing Room"},"content":{"rendered":"\t\t<div data-elementor-type=\"wp-page\" data-elementor-id=\"9010\" class=\"elementor elementor-9010 elementor-8793\" data-elementor-post-type=\"page\">\n\t\t\t\t<div class=\"elementor-element elementor-element-39c9842 e-flex e-con-boxed e-con e-parent\" data-id=\"39c9842\" data-element_type=\"container\" data-e-type=\"container\" data-settings=\"{&quot;_ob_use_container_extras&quot;:&quot;no&quot;,&quot;_ob_column_hoveranimator&quot;:&quot;no&quot;,&quot;_ob_glider_is_slider&quot;:&quot;no&quot;,&quot;_ob_column_has_pseudo&quot;:&quot;no&quot;}\">\n\t\t\t\t\t<div class=\"e-con-inner\">\n\t\t\t\t<div class=\"elementor-element elementor-element-50154aa ob-has-background-overlay elementor-widget elementor-widget-spacer\" data-id=\"50154aa\" data-element_type=\"widget\" data-e-type=\"widget\" data-settings=\"{&quot;_ob_spacerat_use&quot;:&quot;no&quot;,&quot;_ob_widget_stalker_use&quot;:&quot;no&quot;,&quot;_ob_poopart_use&quot;:&quot;yes&quot;,&quot;_ob_shadough_use&quot;:&quot;no&quot;,&quot;_ob_allow_hoveranimator&quot;:&quot;no&quot;}\" data-widget_type=\"spacer.default\">\n\t\t\t\t<div class=\"elementor-widget-container\">\n\t\t\t\t\t\t\t<div class=\"elementor-spacer\">\n\t\t\t<div class=\"elementor-spacer-inner\"><\/div>\n\t\t<\/div>\n\t\t\t\t\t\t<\/div>\n\t\t\t\t<\/div>\n\t\t\t\t\t<\/div>\n\t\t\t\t<\/div>\n\t\t<div class=\"elementor-element elementor-element-7e087de e-grid e-con-boxed e-con e-parent\" data-id=\"7e087de\" data-element_type=\"container\" data-e-type=\"container\" data-settings=\"{&quot;_ob_use_container_extras&quot;:&quot;no&quot;,&quot;_ob_column_hoveranimator&quot;:&quot;no&quot;,&quot;_ob_glider_is_slider&quot;:&quot;no&quot;,&quot;_ob_column_has_pseudo&quot;:&quot;no&quot;}\">\n\t\t\t\t\t<div class=\"e-con-inner\">\n\t\t\t\t<div class=\"elementor-element elementor-element-8e04613 ob-harakiri-inherit ob-has-background-overlay elementor-widget elementor-widget-text-editor\" data-id=\"8e04613\" data-element_type=\"widget\" data-e-type=\"widget\" data-settings=\"{&quot;_ob_use_harakiri&quot;:&quot;yes&quot;,&quot;_ob_harakiri_writing_mode&quot;:&quot;inherit&quot;,&quot;_ob_postman_use&quot;:&quot;no&quot;,&quot;_ob_widget_stalker_use&quot;:&quot;no&quot;,&quot;_ob_poopart_use&quot;:&quot;yes&quot;,&quot;_ob_shadough_use&quot;:&quot;no&quot;,&quot;_ob_allow_hoveranimator&quot;:&quot;no&quot;}\" data-widget_type=\"text-editor.default\">\n\t\t\t\t<div class=\"elementor-widget-container\">\n\t\t\t\t\t\t\t\t\t<h2 style=\"text-align: left;\">Forest Bathing &#8211; Et &#8220;Breathing Room&#8221;<\/h2><p>P\u00e5 The Note skal du kunne tr\u00e6kke vejret.<\/p><p>Og det er derfor, vi har levende planter i alle rum, hele hotellet er designet til at indbyde til n\u00e6rv\u00e6r og afslapning &#8211; og det er derfor, vi har taget det rum med den allerbedste udsigt og forvandlet det til et &#8220;Breathing Room&#8221;, som vi kalder <em>Forest Bathing<\/em>.<\/p><p>Her inviterer de mange planter, den storsl\u00e5ede udsigt, de komfortable m\u00f8bler og den kildrende lyd af vandet dig til at slappe af og tr\u00e6kke vejret &#8211; hvad enten det er gennem meditation, ved at l\u00e6se i en bog eller ved at lytte til en podcast.<\/p><p>Rummet er \u00e5bent for alle g\u00e6ster, uanset hvilket v\u00e6relse du har booket. For alle har brug for &#8211; og fortjener &#8211; en pause og et \u00f8jebliks ro. <\/p><p>Vi tror p\u00e5, at dette rum giver vores g\u00e6ster noget ekstra &#8211; noget helt s\u00e6rligt. Og m\u00e5ske vil det endda inspirere dig til at skabe dit eget &#8220;Breathing Room&#8221; &#8211; eller blot et lille hj\u00f8rne &#8211; derhjemme. <\/p><p> <\/p><p>Du finder vores &#8220;Breathing Room&#8221; p\u00e5 5. sal for enden af gangen. Det er altid \u00e5bent &#8211; bare brug din v\u00e6relsesn\u00f8gle. <\/p>\t\t\t\t\t\t\t\t<\/div>\n\t\t\t\t<\/div>\n\t\t\t\t<div class=\"elementor-element elementor-element-1569908 ob-has-background-overlay elementor-widget elementor-widget-gallery\" data-id=\"1569908\" data-element_type=\"widget\" data-e-type=\"widget\" data-settings=\"{&quot;columns&quot;:2,&quot;lazyload&quot;:&quot;yes&quot;,&quot;gallery_layout&quot;:&quot;grid&quot;,&quot;columns_tablet&quot;:2,&quot;columns_mobile&quot;:1,&quot;gap&quot;:{&quot;unit&quot;:&quot;px&quot;,&quot;size&quot;:10,&quot;sizes&quot;:[]},&quot;gap_tablet&quot;:{&quot;unit&quot;:&quot;px&quot;,&quot;size&quot;:10,&quot;sizes&quot;:[]},&quot;gap_mobile&quot;:{&quot;unit&quot;:&quot;px&quot;,&quot;size&quot;:10,&quot;sizes&quot;:[]},&quot;aspect_ratio&quot;:&quot;3:2&quot;,&quot;overlay_background&quot;:&quot;yes&quot;,&quot;content_hover_animation&quot;:&quot;fade-in&quot;,&quot;_ob_widget_stalker_use&quot;:&quot;no&quot;,&quot;_ob_poopart_use&quot;:&quot;yes&quot;,&quot;_ob_shadough_use&quot;:&quot;no&quot;,&quot;_ob_allow_hoveranimator&quot;:&quot;no&quot;}\" data-widget_type=\"gallery.default\">\n\t\t\t\t<div class=\"elementor-widget-container\">\n\t\t\t\t\t\t\t<div class=\"elementor-gallery__container\">\n\t\t\t\t\t\t\t<div class=\"e-gallery-item elementor-gallery-item elementor-animated-content\">\n\t\t\t\t\t<div class=\"e-gallery-image elementor-gallery-item__image\" data-thumbnail=\"https:\/\/thenote.dk\/wp-content\/uploads\/2025\/09\/TheNote_RAISFOTO_C1__9977-1024x683.jpg\" data-width=\"800\" data-height=\"534\" aria-label=\"\" role=\"img\" ><\/div>\n\t\t\t\t\t\t\t\t\t\t\t<div class=\"elementor-gallery-item__overlay\"><\/div>\n\t\t\t\t\t\t\t\t\t\t\t\t\t\t<\/div>\n\t\t\t\t\t\t\t<div class=\"e-gallery-item elementor-gallery-item elementor-animated-content\">\n\t\t\t\t\t<div class=\"e-gallery-image elementor-gallery-item__image\" data-thumbnail=\"https:\/\/thenote.dk\/wp-content\/uploads\/2025\/09\/TheNote_RAISFOTO_C1__0106-1024x683.jpg\" data-width=\"800\" data-height=\"534\" aria-label=\"\" role=\"img\" ><\/div>\n\t\t\t\t\t\t\t\t\t\t\t<div class=\"elementor-gallery-item__overlay\"><\/div>\n\t\t\t\t\t\t\t\t\t\t\t\t\t\t<\/div>\n\t\t\t\t\t\t\t<div class=\"e-gallery-item elementor-gallery-item elementor-animated-content\">\n\t\t\t\t\t<div class=\"e-gallery-image elementor-gallery-item__image\" data-thumbnail=\"https:\/\/thenote.dk\/wp-content\/uploads\/2025\/09\/TheNote_RAISFOTO_C1__0069-1024x683.jpg\" data-width=\"800\" data-height=\"534\" aria-label=\"\" role=\"img\" ><\/div>\n\t\t\t\t\t\t\t\t\t\t\t<div class=\"elementor-gallery-item__overlay\"><\/div>\n\t\t\t\t\t\t\t\t\t\t\t\t\t\t<\/div>\n\t\t\t\t\t\t\t<div class=\"e-gallery-item elementor-gallery-item elementor-animated-content\">\n\t\t\t\t\t<div class=\"e-gallery-image elementor-gallery-item__image\" data-thumbnail=\"https:\/\/thenote.dk\/wp-content\/uploads\/2025\/09\/TheNote_RAISFOTO_C1__0045-1024x683.jpg\" data-width=\"800\" data-height=\"534\" aria-label=\"\" role=\"img\" ><\/div>\n\t\t\t\t\t\t\t\t\t\t\t<div class=\"elementor-gallery-item__overlay\"><\/div>\n\t\t\t\t\t\t\t\t\t\t\t\t\t\t<\/div>\n\t\t\t\t\t\t\t<div class=\"e-gallery-item elementor-gallery-item elementor-animated-content\">\n\t\t\t\t\t<div class=\"e-gallery-image elementor-gallery-item__image\" data-thumbnail=\"https:\/\/thenote.dk\/wp-content\/uploads\/2025\/09\/TheNote_RAISFOTO_C1__9961-683x1024.jpg\" data-width=\"683\" data-height=\"1024\" aria-label=\"\" role=\"img\" ><\/div>\n\t\t\t\t\t\t\t\t\t\t\t<div class=\"elementor-gallery-item__overlay\"><\/div>\n\t\t\t\t\t\t\t\t\t\t\t\t\t\t<\/div>\n\t\t\t\t\t\t\t<div class=\"e-gallery-item elementor-gallery-item elementor-animated-content\">\n\t\t\t\t\t<div class=\"e-gallery-image elementor-gallery-item__image\" data-thumbnail=\"https:\/\/thenote.dk\/wp-content\/uploads\/2025\/09\/TheNote_RAISFOTO_C1__9991-683x1024.jpg\" data-width=\"683\" data-height=\"1024\" aria-label=\"\" role=\"img\" ><\/div>\n\t\t\t\t\t\t\t\t\t\t\t<div class=\"elementor-gallery-item__overlay\"><\/div>\n\t\t\t\t\t\t\t\t\t\t\t\t\t\t<\/div>\n\t\t\t\t\t\t\t<div class=\"e-gallery-item elementor-gallery-item elementor-animated-content\">\n\t\t\t\t\t<div class=\"e-gallery-image elementor-gallery-item__image\" data-thumbnail=\"https:\/\/thenote.dk\/wp-content\/uploads\/2025\/09\/TheNote_RAISFOTO_C1__9982-1024x683.jpg\" data-width=\"800\" data-height=\"534\" aria-label=\"\" role=\"img\" ><\/div>\n\t\t\t\t\t\t\t\t\t\t\t<div class=\"elementor-gallery-item__overlay\"><\/div>\n\t\t\t\t\t\t\t\t\t\t\t\t\t\t<\/div>\n\t\t\t\t\t\t\t<div class=\"e-gallery-item elementor-gallery-item elementor-animated-content\">\n\t\t\t\t\t<div class=\"e-gallery-image elementor-gallery-item__image\" data-thumbnail=\"https:\/\/thenote.dk\/wp-content\/uploads\/2025\/09\/TheNote_RAISFOTO_C1__0008-1024x683.jpg\" data-width=\"800\" data-height=\"534\" aria-label=\"\" role=\"img\" ><\/div>\n\t\t\t\t\t\t\t\t\t\t\t<div class=\"elementor-gallery-item__overlay\"><\/div>\n\t\t\t\t\t\t\t\t\t\t\t\t\t\t<\/div>\n\t\t\t\t\t<\/div>\n\t\t\t\t\t<\/div>\n\t\t\t\t<\/div>\n\t\t\t\t\t<\/div>\n\t\t\t\t<\/div>\n\t\t<div class=\"elementor-element elementor-element-38b37a4 e-grid e-con-boxed e-con e-parent\" data-id=\"38b37a4\" data-element_type=\"container\" data-e-type=\"container\" data-settings=\"{&quot;_ob_use_container_extras&quot;:&quot;no&quot;,&quot;_ob_column_hoveranimator&quot;:&quot;no&quot;,&quot;_ob_glider_is_slider&quot;:&quot;no&quot;,&quot;_ob_column_has_pseudo&quot;:&quot;no&quot;}\">\n\t\t\t\t\t<div class=\"e-con-inner\">\n\t\t\t\t<div class=\"elementor-element elementor-element-3ebe5d5 ob-harakiri-inherit ob-has-background-overlay elementor-widget elementor-widget-text-editor\" data-id=\"3ebe5d5\" data-element_type=\"widget\" data-e-type=\"widget\" data-settings=\"{&quot;_ob_use_harakiri&quot;:&quot;yes&quot;,&quot;_ob_harakiri_writing_mode&quot;:&quot;inherit&quot;,&quot;_ob_postman_use&quot;:&quot;no&quot;,&quot;_ob_widget_stalker_use&quot;:&quot;no&quot;,&quot;_ob_poopart_use&quot;:&quot;yes&quot;,&quot;_ob_shadough_use&quot;:&quot;no&quot;,&quot;_ob_allow_hoveranimator&quot;:&quot;no&quot;}\" data-widget_type=\"text-editor.default\">\n\t\t\t\t<div class=\"elementor-widget-container\">\n\t\t\t\t\t\t\t\t\t<h3>Hvad er &#8220;Forest Bathing&#8221;?<\/h3><p>&#8220;Forest Bathing&#8221; (p\u00e5 dansk &#8220;skovbadning&#8221;) er id\u00e9en om, at en g\u00e5tur i skoven eller anden natur kan have en helende effekt p\u00e5 mennesker. N\u00e5r vi er i naturen og m\u00e6rker den, bliver vi mere n\u00e6rv\u00e6rende, og det fungerer som en form for terapi for os. Det st\u00e5r i kontrast til vores travle, teknologifyldte liv i byerne.  <\/p>\t\t\t\t\t\t\t\t<\/div>\n\t\t\t\t<\/div>\n\t\t\t\t<div class=\"elementor-element elementor-element-353404d ob-has-background-overlay elementor-widget elementor-widget-video\" data-id=\"353404d\" data-element_type=\"widget\" data-e-type=\"widget\" data-settings=\"{&quot;video_type&quot;:&quot;hosted&quot;,&quot;controls&quot;:&quot;yes&quot;,&quot;_ob_widget_stalker_use&quot;:&quot;no&quot;,&quot;_ob_poopart_use&quot;:&quot;yes&quot;,&quot;_ob_shadough_use&quot;:&quot;no&quot;,&quot;_ob_allow_hoveranimator&quot;:&quot;no&quot;}\" data-widget_type=\"video.default\">\n\t\t\t\t<div class=\"elementor-widget-container\">\n\t\t\t\t\t\t\t<div class=\"e-hosted-video elementor-wrapper elementor-open-inline\">\n\t\t\t\t\t<video class=\"elementor-video\" src=\"https:\/\/thenote.dk\/wp-content\/uploads\/2025\/08\/Breathing-Room_compressed.mp4\" controls=\"\" preload=\"metadata\" controlsList=\"nodownload\"><\/video>\n\t\t\t\t<\/div>\n\t\t\t\t\t\t<\/div>\n\t\t\t\t<\/div>\n\t\t\t\t\t<\/div>\n\t\t\t\t<\/div>\n\t\t\t\t<\/div>\n\t\t","protected":false},"excerpt":{"rendered":"<p>Forest Bathing &#8211; Et &#8220;Breathing Room&#8221; P\u00e5 The Note skal du kunne tr\u00e6kke vejret. Og det er derfor, vi har levende planter i alle rum, hele hotellet er designet til at indbyde til n\u00e6rv\u00e6r og afslapning &#8211; og det er derfor, vi har taget det rum med den allerbedste udsigt og forvandlet det til et [&hellip;]<\/p>\n","protected":false},"author":4,"featured_media":0,"parent":0,"menu_order":0,"comment_status":"closed","ping_status":"closed","template":"","meta":{"_acf_changed":false,"footnotes":""},"class_list":["post-9010","page","type-page","status-publish","hentry"],"acf":[],"yoast_head":"<!-- This site is optimized with the Yoast SEO plugin v27.4 - https:\/\/yoast.com\/product\/yoast-seo-wordpress\/ -->\n<title>Breathing Room - The Note<\/title>\n<meta name=\"robots\" content=\"index, follow, max-snippet:-1, max-image-preview:large, max-video-preview:-1\" \/>\n<link rel=\"canonical\" href=\"https:\/\/thenote.dk\/da\/breathing-room\/\" \/>\n<meta property=\"og:locale\" content=\"da_DK\" \/>\n<meta property=\"og:type\" content=\"article\" \/>\n<meta property=\"og:title\" content=\"Breathing Room - The Note\" \/>\n<meta property=\"og:description\" content=\"Forest Bathing &#8211; Et &#8220;Breathing Room&#8221; P\u00e5 The Note skal du kunne tr\u00e6kke vejret. Og det er derfor, vi har levende planter i alle rum, hele hotellet er designet til at indbyde til n\u00e6rv\u00e6r og afslapning &#8211; og det er derfor, vi har taget det rum med den allerbedste udsigt og forvandlet det til et [&hellip;]\" \/>\n<meta property=\"og:url\" content=\"https:\/\/thenote.dk\/da\/breathing-room\/\" \/>\n<meta property=\"og:site_name\" content=\"The Note\" \/>\n<meta property=\"article:modified_time\" content=\"2026-01-07T11:37:42+00:00\" \/>\n<meta name=\"twitter:card\" content=\"summary_large_image\" \/>\n<meta name=\"twitter:label1\" content=\"Estimeret l\u00e6setid\" \/>\n\t<meta name=\"twitter:data1\" content=\"1 minut\" \/>\n<script type=\"application\/ld+json\" class=\"yoast-schema-graph\">{\"@context\":\"https:\\\/\\\/schema.org\",\"@graph\":[{\"@type\":\"WebPage\",\"@id\":\"https:\\\/\\\/thenote.dk\\\/da\\\/breathing-room\\\/\",\"url\":\"https:\\\/\\\/thenote.dk\\\/da\\\/breathing-room\\\/\",\"name\":\"Breathing Room - The Note\",\"isPartOf\":{\"@id\":\"https:\\\/\\\/thenote.dk\\\/da\\\/#website\"},\"datePublished\":\"2025-08-28T13:02:50+00:00\",\"dateModified\":\"2026-01-07T11:37:42+00:00\",\"breadcrumb\":{\"@id\":\"https:\\\/\\\/thenote.dk\\\/da\\\/breathing-room\\\/#breadcrumb\"},\"inLanguage\":\"da-DK\",\"potentialAction\":[{\"@type\":\"ReadAction\",\"target\":[\"https:\\\/\\\/thenote.dk\\\/da\\\/breathing-room\\\/\"]}]},{\"@type\":\"BreadcrumbList\",\"@id\":\"https:\\\/\\\/thenote.dk\\\/da\\\/breathing-room\\\/#breadcrumb\",\"itemListElement\":[{\"@type\":\"ListItem\",\"position\":1,\"name\":\"Hjem\",\"item\":\"https:\\\/\\\/thenote.dk\\\/da\\\/forside-2\\\/\"},{\"@type\":\"ListItem\",\"position\":2,\"name\":\"Breathing Room\"}]},{\"@type\":\"WebSite\",\"@id\":\"https:\\\/\\\/thenote.dk\\\/da\\\/#website\",\"url\":\"https:\\\/\\\/thenote.dk\\\/da\\\/\",\"name\":\"The Note\",\"description\":\"Hotel\",\"publisher\":{\"@id\":\"https:\\\/\\\/thenote.dk\\\/da\\\/#organization\"},\"potentialAction\":[{\"@type\":\"SearchAction\",\"target\":{\"@type\":\"EntryPoint\",\"urlTemplate\":\"https:\\\/\\\/thenote.dk\\\/da\\\/?s={search_term_string}\"},\"query-input\":{\"@type\":\"PropertyValueSpecification\",\"valueRequired\":true,\"valueName\":\"search_term_string\"}}],\"inLanguage\":\"da-DK\"},{\"@type\":\"Organization\",\"@id\":\"https:\\\/\\\/thenote.dk\\\/da\\\/#organization\",\"name\":\"The Lodge Billund\",\"url\":\"https:\\\/\\\/thenote.dk\\\/da\\\/\",\"logo\":{\"@type\":\"ImageObject\",\"inLanguage\":\"da-DK\",\"@id\":\"https:\\\/\\\/thenote.dk\\\/da\\\/#\\\/schema\\\/logo\\\/image\\\/\",\"url\":\"https:\\\/\\\/thenote.dk\\\/wp-content\\\/uploads\\\/2020\\\/10\\\/rgb_119_145_138.svg\",\"contentUrl\":\"https:\\\/\\\/thenote.dk\\\/wp-content\\\/uploads\\\/2020\\\/10\\\/rgb_119_145_138.svg\",\"width\":565,\"height\":259,\"caption\":\"The Lodge Billund\"},\"image\":{\"@id\":\"https:\\\/\\\/thenote.dk\\\/da\\\/#\\\/schema\\\/logo\\\/image\\\/\"}}]}<\/script>\n<!-- \/ Yoast SEO plugin. -->","yoast_head_json":{"title":"Breathing Room - The Note","robots":{"index":"index","follow":"follow","max-snippet":"max-snippet:-1","max-image-preview":"max-image-preview:large","max-video-preview":"max-video-preview:-1"},"canonical":"https:\/\/thenote.dk\/da\/breathing-room\/","og_locale":"da_DK","og_type":"article","og_title":"Breathing Room - The Note","og_description":"Forest Bathing &#8211; Et &#8220;Breathing Room&#8221; P\u00e5 The Note skal du kunne tr\u00e6kke vejret. Og det er derfor, vi har levende planter i alle rum, hele hotellet er designet til at indbyde til n\u00e6rv\u00e6r og afslapning &#8211; og det er derfor, vi har taget det rum med den allerbedste udsigt og forvandlet det til et [&hellip;]","og_url":"https:\/\/thenote.dk\/da\/breathing-room\/","og_site_name":"The Note","article_modified_time":"2026-01-07T11:37:42+00:00","twitter_card":"summary_large_image","twitter_misc":{"Estimeret l\u00e6setid":"1 minut"},"schema":{"@context":"https:\/\/schema.org","@graph":[{"@type":"WebPage","@id":"https:\/\/thenote.dk\/da\/breathing-room\/","url":"https:\/\/thenote.dk\/da\/breathing-room\/","name":"Breathing Room - The Note","isPartOf":{"@id":"https:\/\/thenote.dk\/da\/#website"},"datePublished":"2025-08-28T13:02:50+00:00","dateModified":"2026-01-07T11:37:42+00:00","breadcrumb":{"@id":"https:\/\/thenote.dk\/da\/breathing-room\/#breadcrumb"},"inLanguage":"da-DK","potentialAction":[{"@type":"ReadAction","target":["https:\/\/thenote.dk\/da\/breathing-room\/"]}]},{"@type":"BreadcrumbList","@id":"https:\/\/thenote.dk\/da\/breathing-room\/#breadcrumb","itemListElement":[{"@type":"ListItem","position":1,"name":"Hjem","item":"https:\/\/thenote.dk\/da\/forside-2\/"},{"@type":"ListItem","position":2,"name":"Breathing Room"}]},{"@type":"WebSite","@id":"https:\/\/thenote.dk\/da\/#website","url":"https:\/\/thenote.dk\/da\/","name":"The Note","description":"Hotel","publisher":{"@id":"https:\/\/thenote.dk\/da\/#organization"},"potentialAction":[{"@type":"SearchAction","target":{"@type":"EntryPoint","urlTemplate":"https:\/\/thenote.dk\/da\/?s={search_term_string}"},"query-input":{"@type":"PropertyValueSpecification","valueRequired":true,"valueName":"search_term_string"}}],"inLanguage":"da-DK"},{"@type":"Organization","@id":"https:\/\/thenote.dk\/da\/#organization","name":"The Lodge Billund","url":"https:\/\/thenote.dk\/da\/","logo":{"@type":"ImageObject","inLanguage":"da-DK","@id":"https:\/\/thenote.dk\/da\/#\/schema\/logo\/image\/","url":"https:\/\/thenote.dk\/wp-content\/uploads\/2020\/10\/rgb_119_145_138.svg","contentUrl":"https:\/\/thenote.dk\/wp-content\/uploads\/2020\/10\/rgb_119_145_138.svg","width":565,"height":259,"caption":"The Lodge Billund"},"image":{"@id":"https:\/\/thenote.dk\/da\/#\/schema\/logo\/image\/"}}]}},"_links":{"self":[{"href":"https:\/\/thenote.dk\/da\/wp-json\/wp\/v2\/pages\/9010","targetHints":{"allow":["GET"]}}],"collection":[{"href":"https:\/\/thenote.dk\/da\/wp-json\/wp\/v2\/pages"}],"about":[{"href":"https:\/\/thenote.dk\/da\/wp-json\/wp\/v2\/types\/page"}],"author":[{"embeddable":true,"href":"https:\/\/thenote.dk\/da\/wp-json\/wp\/v2\/users\/4"}],"replies":[{"embeddable":true,"href":"https:\/\/thenote.dk\/da\/wp-json\/wp\/v2\/comments?post=9010"}],"version-history":[{"count":10,"href":"https:\/\/thenote.dk\/da\/wp-json\/wp\/v2\/pages\/9010\/revisions"}],"predecessor-version":[{"id":9220,"href":"https:\/\/thenote.dk\/da\/wp-json\/wp\/v2\/pages\/9010\/revisions\/9220"}],"wp:attachment":[{"href":"https:\/\/thenote.dk\/da\/wp-json\/wp\/v2\/media?parent=9010"}],"curies":[{"name":"wp","href":"https:\/\/api.w.org\/{rel}","templated":true}]}}