{"id":9318,"date":"2026-02-23T14:49:20","date_gmt":"2026-02-23T14:49:20","guid":{"rendered":"https:\/\/thenote.dk\/tillaegskoeb\/"},"modified":"2026-02-25T10:52:55","modified_gmt":"2026-02-25T10:52:55","slug":"tillaegskoeb","status":"publish","type":"page","link":"https:\/\/thenote.dk\/da\/tillaegskoeb\/","title":{"rendered":"Till\u00e6gsk\u00f8b"},"content":{"rendered":"\t\t<div data-elementor-type=\"wp-page\" data-elementor-id=\"9318\" class=\"elementor elementor-9318 elementor-9305\" data-elementor-post-type=\"page\">\n\t\t\t\t<div class=\"elementor-element elementor-element-16bcbf6b e-flex e-con-boxed e-con e-parent\" data-id=\"16bcbf6b\" data-element_type=\"container\" data-e-type=\"container\" data-settings=\"{&quot;_ob_use_container_extras&quot;:&quot;no&quot;,&quot;_ob_column_hoveranimator&quot;:&quot;no&quot;,&quot;_ob_glider_is_slider&quot;:&quot;no&quot;,&quot;_ob_column_has_pseudo&quot;:&quot;no&quot;}\">\n\t\t\t\t\t<div class=\"e-con-inner\">\n\t\t\t\t<div class=\"elementor-element elementor-element-2e11acce ob-harakiri-inherit ob-has-background-overlay elementor-widget elementor-widget-text-editor\" data-id=\"2e11acce\" data-element_type=\"widget\" data-e-type=\"widget\" data-settings=\"{&quot;_ob_use_harakiri&quot;:&quot;yes&quot;,&quot;_ob_harakiri_writing_mode&quot;:&quot;inherit&quot;,&quot;_ob_postman_use&quot;:&quot;no&quot;,&quot;_ob_widget_stalker_use&quot;:&quot;no&quot;,&quot;_ob_poopart_use&quot;:&quot;yes&quot;,&quot;_ob_shadough_use&quot;:&quot;no&quot;,&quot;_ob_allow_hoveranimator&quot;:&quot;no&quot;}\" data-widget_type=\"text-editor.default\">\n\t\t\t\t<div class=\"elementor-widget-container\">\n\t\t\t\t\t\t\t\t\t<h2>Sm\u00e5 fristelser til dit m\u00f8de<\/h2>\t\t\t\t\t\t\t\t<\/div>\n\t\t\t\t<\/div>\n\t\t\t\t\t<\/div>\n\t\t\t\t<\/div>\n\t\t<div class=\"elementor-element elementor-element-6c7fc9c9 e-flex e-con-boxed e-con e-parent\" data-id=\"6c7fc9c9\" data-element_type=\"container\" data-e-type=\"container\" data-settings=\"{&quot;_ob_use_container_extras&quot;:&quot;no&quot;,&quot;_ob_column_hoveranimator&quot;:&quot;no&quot;,&quot;_ob_glider_is_slider&quot;:&quot;no&quot;,&quot;_ob_column_has_pseudo&quot;:&quot;no&quot;}\">\n\t\t\t\t\t<div class=\"e-con-inner\">\n\t\t\t\t<div class=\"elementor-element elementor-element-a8fc76a ob-harakiri-inherit ob-has-background-overlay elementor-widget elementor-widget-text-editor\" data-id=\"a8fc76a\" data-element_type=\"widget\" data-e-type=\"widget\" data-settings=\"{&quot;_ob_use_harakiri&quot;:&quot;yes&quot;,&quot;_ob_harakiri_writing_mode&quot;:&quot;inherit&quot;,&quot;_ob_postman_use&quot;:&quot;no&quot;,&quot;_ob_widget_stalker_use&quot;:&quot;no&quot;,&quot;_ob_poopart_use&quot;:&quot;yes&quot;,&quot;_ob_shadough_use&quot;:&quot;no&quot;,&quot;_ob_allow_hoveranimator&quot;:&quot;no&quot;}\" data-widget_type=\"text-editor.default\">\n\t\t\t\t<div class=\"elementor-widget-container\">\n\t\t\t\t\t\t\t\t\t<p>G\u00f8r dit m\u00f8de endnu bedre med vores ekstra fristelser \u2013 nogle gange er kaffe bare ikke nok!<\/p><p>V\u00e6lg venligst de muligheder, du kunne t\u00e6nke dig (hvorfor ikke bare alle sammen?), s\u00e5 s\u00f8rger vi for, at det st\u00e5r klar.<\/p>\t\t\t\t\t\t\t\t<\/div>\n\t\t\t\t<\/div>\n\t\t\t\t\t<\/div>\n\t\t\t\t<\/div>\n\t\t<div class=\"elementor-element elementor-element-63997991 e-flex e-con-boxed e-con e-parent\" data-id=\"63997991\" data-element_type=\"container\" data-e-type=\"container\" data-settings=\"{&quot;_ob_use_container_extras&quot;:&quot;no&quot;,&quot;_ob_column_hoveranimator&quot;:&quot;no&quot;,&quot;_ob_glider_is_slider&quot;:&quot;no&quot;,&quot;_ob_column_has_pseudo&quot;:&quot;no&quot;}\">\n\t\t\t\t\t<div class=\"e-con-inner\">\n\t\t\t\t<div class=\"elementor-element elementor-element-74bdfe17 elementor-button-align-stretch ob-has-background-overlay elementor-widget elementor-widget-form\" data-id=\"74bdfe17\" data-element_type=\"widget\" data-e-type=\"widget\" data-settings=\"{&quot;step_next_label&quot;:&quot;N\\u00e6ste&quot;,&quot;step_previous_label&quot;:&quot;Tilbage&quot;,&quot;button_width&quot;:&quot;100&quot;,&quot;step_type&quot;:&quot;number_text&quot;,&quot;step_icon_shape&quot;:&quot;circle&quot;,&quot;_ob_widget_stalker_use&quot;:&quot;no&quot;,&quot;_ob_poopart_use&quot;:&quot;yes&quot;,&quot;_ob_shadough_use&quot;:&quot;no&quot;,&quot;_ob_allow_hoveranimator&quot;:&quot;no&quot;}\" data-widget_type=\"form.default\">\n\t\t\t\t<div class=\"elementor-widget-container\">\n\t\t\t\t\t\t\t<form class=\"elementor-form\" method=\"post\" id=\"mersalg_ID\" name=\"Mersalg\" aria-label=\"Mersalg\">\n\t\t\t<input type=\"hidden\" name=\"post_id\" value=\"9318\"\/>\n\t\t\t<input type=\"hidden\" name=\"form_id\" value=\"74bdfe17\"\/>\n\t\t\t<input type=\"hidden\" name=\"referer_title\" value=\"Till\u00e6gsk\u00f8b - The Note\" \/>\n\n\t\t\t\t\t\t\t<input type=\"hidden\" name=\"queried_id\" value=\"9318\"\/>\n\t\t\t\n\t\t\t<div class=\"elementor-form-fields-wrapper elementor-labels-above\">\n\t\t\t\t\t\t\t\t<div class=\"elementor-field-type-text elementor-field-group elementor-column elementor-field-group-field_d33a908 elementor-col-50 elementor-field-required\">\n\t\t\t\t\t\t\t\t\t\t\t\t<label for=\"form-field-field_d33a908\" class=\"elementor-field-label\">\n\t\t\t\t\t\t\t\tNavn\t\t\t\t\t\t\t<\/label>\n\t\t\t\t\t\t\t\t\t\t\t\t\t\t<input size=\"1\" type=\"text\" name=\"form_fields[field_d33a908]\" id=\"form-field-field_d33a908\" class=\"elementor-field elementor-size-sm  elementor-field-textual\" required=\"required\">\n\t\t\t\t\t\t\t\t\t\t\t<\/div>\n\t\t\t\t\t\t\t\t<div class=\"elementor-field-type-email elementor-field-group elementor-column elementor-field-group-name elementor-col-50 elementor-field-required\">\n\t\t\t\t\t\t\t\t\t\t\t\t<label for=\"form-field-name\" class=\"elementor-field-label\">\n\t\t\t\t\t\t\t\tEmail\t\t\t\t\t\t\t<\/label>\n\t\t\t\t\t\t\t\t\t\t\t\t\t\t<input size=\"1\" type=\"email\" name=\"form_fields[name]\" id=\"form-field-name\" class=\"elementor-field elementor-size-sm  elementor-field-textual\" required=\"required\">\n\t\t\t\t\t\t\t\t\t\t\t<\/div>\n\t\t\t\t\t\t\t\t<div class=\"elementor-field-type-text elementor-field-group elementor-column elementor-field-group-field_5e87cd2 elementor-col-50\">\n\t\t\t\t\t\t\t\t\t\t\t\t<label for=\"form-field-field_5e87cd2\" class=\"elementor-field-label\">\n\t\t\t\t\t\t\t\tFirmanavn\t\t\t\t\t\t\t<\/label>\n\t\t\t\t\t\t\t\t\t\t\t\t\t\t<input size=\"1\" type=\"text\" name=\"form_fields[field_5e87cd2]\" id=\"form-field-field_5e87cd2\" class=\"elementor-field elementor-size-sm  elementor-field-textual\">\n\t\t\t\t\t\t\t\t\t\t\t<\/div>\n\t\t\t\t\t\t\t\t<div class=\"elementor-field-type-text elementor-field-group elementor-column elementor-field-group-field_f6442d4 elementor-col-50 elementor-field-required\">\n\t\t\t\t\t\t\t\t\t\t\t\t<label for=\"form-field-field_f6442d4\" class=\"elementor-field-label\">\n\t\t\t\t\t\t\t\tDato\t\t\t\t\t\t\t<\/label>\n\t\t\t\t\t\t\t\t\t\t\t\t\t\t<input size=\"1\" type=\"text\" name=\"form_fields[field_f6442d4]\" id=\"form-field-field_f6442d4\" class=\"elementor-field elementor-size-sm  elementor-field-textual\" required=\"required\">\n\t\t\t\t\t\t\t\t\t\t\t<\/div>\n\t\t\t\t\t\t\t\t<div class=\"elementor-field-type-checkbox elementor-field-group elementor-column elementor-field-group-field_c42928c elementor-col-100\">\n\t\t\t\t\t\t\t\t\t\t\t\t<label for=\"form-field-field_c42928c\" class=\"elementor-field-label\">\n\t\t\t\t\t\t\t\tVenligst v\u00e6lg dine fristelser herunder:\t\t\t\t\t\t\t<\/label>\n\t\t\t\t\t\t<div class=\"elementor-field-subgroup  \"><span class=\"elementor-field-option\"><input type=\"checkbox\" value=\"Gr\u00f8ntsagssnacks, 3 varianter med hummus \u2013 25,-\" id=\"form-field-field_c42928c-0\" name=\"form_fields[field_c42928c][]\"> <label for=\"form-field-field_c42928c-0\">Gr\u00f8ntsagssnacks, 3 varianter med hummus \u2013 25,-<\/label><\/span><span class=\"elementor-field-option\"><input type=\"checkbox\" value=\"Varm kakao med fl\u00f8deskum \u2013 45,-\" id=\"form-field-field_c42928c-1\" name=\"form_fields[field_c42928c][]\"> <label for=\"form-field-field_c42928c-1\">Varm kakao med fl\u00f8deskum \u2013 45,-<\/label><\/span><span class=\"elementor-field-option\"><input type=\"checkbox\" value=\"Slik og chokolade \u2013 35,-\" id=\"form-field-field_c42928c-2\" name=\"form_fields[field_c42928c][]\"> <label for=\"form-field-field_c42928c-2\">Slik og chokolade \u2013 35,-<\/label><\/span><span class=\"elementor-field-option\"><input type=\"checkbox\" value=\"Frugtshots (v\u00e6lg mellem passionsfrugt eller ingef\u00e6r) \u2013 10,-\" id=\"form-field-field_c42928c-3\" name=\"form_fields[field_c42928c][]\"> <label for=\"form-field-field_c42928c-3\">Frugtshots (v\u00e6lg mellem passionsfrugt eller ingef\u00e6r) \u2013 10,-<\/label><\/span><span class=\"elementor-field-option\"><input type=\"checkbox\" value=\"Hjemmelavet smoothie \u2013 35,-\" id=\"form-field-field_c42928c-4\" name=\"form_fields[field_c42928c][]\"> <label for=\"form-field-field_c42928c-4\">Hjemmelavet smoothie \u2013 35,-<\/label><\/span><span class=\"elementor-field-option\"><input type=\"checkbox\" value=\"Special The Note-muffins (chokolademuffins med gr\u00f8n sm\u00f8rcreme) \u2013 35,-\" id=\"form-field-field_c42928c-5\" name=\"form_fields[field_c42928c][]\"> <label for=\"form-field-field_c42928c-5\">Special The Note-muffins (chokolademuffins med gr\u00f8n sm\u00f8rcreme) \u2013 35,-<\/label><\/span><span class=\"elementor-field-option\"><input type=\"checkbox\" value=\"&lt;strong&gt;P\u00e5skespecial&lt;\/strong&gt;: P\u00e5ske\u00e6g med marcipan og chokolade \u2013 35,-\" id=\"form-field-field_c42928c-6\" name=\"form_fields[field_c42928c][]\"> <label for=\"form-field-field_c42928c-6\"><strong>P\u00e5skespecial<\/strong>: P\u00e5ske\u00e6g med marcipan og chokolade \u2013 35,-<\/label><\/span><span class=\"elementor-field-option\"><input type=\"checkbox\" value=\"&lt;strong&gt;Juni \u2013 september&lt;\/strong&gt;: Frugtsalat toppet med skyr og friskrevet chokolade \u2013 45,-\" id=\"form-field-field_c42928c-7\" name=\"form_fields[field_c42928c][]\"> <label for=\"form-field-field_c42928c-7\"><strong>Juni \u2013 september<\/strong>: Frugtsalat toppet med skyr og friskrevet chokolade \u2013 45,-<\/label><\/span><span class=\"elementor-field-option\"><input type=\"checkbox\" value=\"&lt;strong&gt;November \u2013 december&lt;\/strong&gt;: Alkoholfri hvid gl\u00f8gg med hjemmelavede sm\u00e5kager \u2013 45,-\" id=\"form-field-field_c42928c-8\" name=\"form_fields[field_c42928c][]\"> <label for=\"form-field-field_c42928c-8\"><strong>November \u2013 december<\/strong>: Alkoholfri hvid gl\u00f8gg med hjemmelavede sm\u00e5kager \u2013 45,-<\/label><\/span><span class=\"elementor-field-option\"><input type=\"checkbox\" value=\" &lt;strong&gt; November \u2013 december&lt;\/strong&gt;: \u00c6bleskiver med flormelis og hjemmelavet jordb\u00e6rmarmelade \u2013 45,-\" id=\"form-field-field_c42928c-9\" name=\"form_fields[field_c42928c][]\"> <label for=\"form-field-field_c42928c-9\"> <strong> November \u2013 december<\/strong>: \u00c6bleskiver med flormelis og hjemmelavet jordb\u00e6rmarmelade \u2013 45,-<\/label><\/span><span class=\"elementor-field-option\"><input type=\"checkbox\" value=\" &lt;strong&gt;November \u2013 december&lt;\/strong&gt;: Honninghjerter \u2013 35,-\" id=\"form-field-field_c42928c-10\" name=\"form_fields[field_c42928c][]\"> <label for=\"form-field-field_c42928c-10\"> <strong>November \u2013 december<\/strong>: Honninghjerter \u2013 35,-<\/label><\/span><\/div>\t\t\t\t<\/div>\n\t\t\t\t\t\t\t\t<div class=\"elementor-field-type-textarea elementor-field-group elementor-column elementor-field-group-field_62cbcc3 elementor-col-100\">\n\t\t\t\t\t\t\t\t\t\t\t\t<label for=\"form-field-field_62cbcc3\" class=\"elementor-field-label\">\n\t\t\t\t\t\t\t\tBem\u00e6rkning til bestillingen\t\t\t\t\t\t\t<\/label>\n\t\t\t\t\t\t<textarea class=\"elementor-field-textual elementor-field  elementor-size-sm\" name=\"form_fields[field_62cbcc3]\" id=\"form-field-field_62cbcc3\" rows=\"4\"><\/textarea>\t\t\t\t<\/div>\n\t\t\t\t\t\t\t\t<div class=\"elementor-field-group elementor-column elementor-field-type-submit elementor-col-100 e-form__buttons\">\n\t\t\t\t\t<button class=\"elementor-button elementor-size-sm\" type=\"submit\">\n\t\t\t\t\t\t<span class=\"elementor-button-content-wrapper\">\n\t\t\t\t\t\t\t\t\t\t\t\t\t\t\t\t\t\t\t\t\t\t<span class=\"elementor-button-text\">Send<\/span>\n\t\t\t\t\t\t\t\t\t\t\t\t\t<\/span>\n\t\t\t\t\t<\/button>\n\t\t\t\t<\/div>\n\t\t\t<\/div>\n\t\t<\/form>\n\t\t\t\t\t\t<\/div>\n\t\t\t\t<\/div>\n\t\t\t\t<div class=\"elementor-element elementor-element-50b97408 ob-harakiri-inherit ob-has-background-overlay elementor-widget elementor-widget-text-editor\" data-id=\"50b97408\" data-element_type=\"widget\" data-e-type=\"widget\" data-settings=\"{&quot;_ob_use_harakiri&quot;:&quot;yes&quot;,&quot;_ob_harakiri_writing_mode&quot;:&quot;inherit&quot;,&quot;_ob_postman_use&quot;:&quot;no&quot;,&quot;_ob_widget_stalker_use&quot;:&quot;no&quot;,&quot;_ob_poopart_use&quot;:&quot;yes&quot;,&quot;_ob_shadough_use&quot;:&quot;no&quot;,&quot;_ob_allow_hoveranimator&quot;:&quot;no&quot;}\" data-widget_type=\"text-editor.default\">\n\t\t\t\t<div class=\"elementor-widget-container\">\n\t\t\t\t\t\t\t\t\t<p>Priserne er oplyst pr. person og bestilles for alle deltagere i arrangementet med mindre andet informeres.<\/p><p>Vi tager h\u00f8jde for manglende levering eller utilfredsstillende leverance af r\u00e5varer, som g\u00f8r at vi ikke kan levere det bestilte.<\/p>\t\t\t\t\t\t\t\t<\/div>\n\t\t\t\t<\/div>\n\t\t\t\t\t<\/div>\n\t\t\t\t<\/div>\n\t\t<div class=\"elementor-element elementor-element-53794bd1 e-flex e-con-boxed e-con e-parent\" data-id=\"53794bd1\" data-element_type=\"container\" data-e-type=\"container\" data-settings=\"{&quot;_ob_use_container_extras&quot;:&quot;no&quot;,&quot;_ob_column_hoveranimator&quot;:&quot;no&quot;,&quot;_ob_glider_is_slider&quot;:&quot;no&quot;,&quot;_ob_column_has_pseudo&quot;:&quot;no&quot;}\">\n\t\t\t\t\t<div class=\"e-con-inner\">\n\t\t<div class=\"elementor-element elementor-element-6305a2a7 e-con-full e-flex e-con e-child\" data-id=\"6305a2a7\" data-element_type=\"container\" data-e-type=\"container\" data-settings=\"{&quot;_ob_use_container_extras&quot;:&quot;no&quot;,&quot;_ob_column_hoveranimator&quot;:&quot;no&quot;,&quot;_ob_glider_is_slider&quot;:&quot;no&quot;,&quot;_ob_column_has_pseudo&quot;:&quot;no&quot;}\">\n\t\t\t\t<div class=\"elementor-element elementor-element-3ec30205 ob-has-background-overlay elementor-widget elementor-widget-image\" data-id=\"3ec30205\" data-element_type=\"widget\" data-e-type=\"widget\" data-settings=\"{&quot;_ob_photomorph_use&quot;:&quot;no&quot;,&quot;_ob_widget_stalker_use&quot;:&quot;no&quot;,&quot;_ob_poopart_use&quot;:&quot;yes&quot;,&quot;_ob_shadough_use&quot;:&quot;no&quot;,&quot;_ob_allow_hoveranimator&quot;:&quot;no&quot;}\" data-widget_type=\"image.default\">\n\t\t\t\t<div class=\"elementor-widget-container\">\n\t\t\t\t\t\t\t\t\t\t\t\t\t\t\t<img fetchpriority=\"high\" decoding=\"async\" width=\"800\" height=\"534\" src=\"https:\/\/thenote.dk\/wp-content\/uploads\/2024\/10\/web_TheNote_RAISFOTO_C1__0441-1024x683.jpg\" class=\"attachment-large size-large wp-image-8237\" alt=\"\" srcset=\"https:\/\/thenote.dk\/wp-content\/uploads\/2024\/10\/web_TheNote_RAISFOTO_C1__0441-1024x683.jpg 1024w, https:\/\/thenote.dk\/wp-content\/uploads\/2024\/10\/web_TheNote_RAISFOTO_C1__0441-300x200.jpg 300w, https:\/\/thenote.dk\/wp-content\/uploads\/2024\/10\/web_TheNote_RAISFOTO_C1__0441-768x512.jpg 768w, https:\/\/thenote.dk\/wp-content\/uploads\/2024\/10\/web_TheNote_RAISFOTO_C1__0441-1536x1024.jpg 1536w, https:\/\/thenote.dk\/wp-content\/uploads\/2024\/10\/web_TheNote_RAISFOTO_C1__0441-2048x1366.jpg 2048w\" sizes=\"(max-width: 800px) 100vw, 800px\" \/>\t\t\t\t\t\t\t\t\t\t\t\t\t\t\t<\/div>\n\t\t\t\t<\/div>\n\t\t\t\t<\/div>\n\t\t<div class=\"elementor-element elementor-element-707114e3 e-con-full e-flex e-con e-child\" data-id=\"707114e3\" data-element_type=\"container\" data-e-type=\"container\" data-settings=\"{&quot;_ob_use_container_extras&quot;:&quot;no&quot;,&quot;_ob_column_hoveranimator&quot;:&quot;no&quot;,&quot;_ob_glider_is_slider&quot;:&quot;no&quot;,&quot;_ob_column_has_pseudo&quot;:&quot;no&quot;}\">\n\t\t\t\t<div class=\"elementor-element elementor-element-8e61052 ob-has-background-overlay elementor-widget elementor-widget-image\" data-id=\"8e61052\" data-element_type=\"widget\" data-e-type=\"widget\" data-settings=\"{&quot;_ob_photomorph_use&quot;:&quot;no&quot;,&quot;_ob_widget_stalker_use&quot;:&quot;no&quot;,&quot;_ob_poopart_use&quot;:&quot;yes&quot;,&quot;_ob_shadough_use&quot;:&quot;no&quot;,&quot;_ob_allow_hoveranimator&quot;:&quot;no&quot;}\" data-widget_type=\"image.default\">\n\t\t\t\t<div class=\"elementor-widget-container\">\n\t\t\t\t\t\t\t\t\t\t\t\t\t\t\t<img decoding=\"async\" width=\"800\" height=\"534\" src=\"https:\/\/thenote.dk\/wp-content\/uploads\/2024\/10\/web_TheNote_RAISFOTO_C1__0436-1024x683.jpg\" class=\"attachment-large size-large wp-image-8236\" alt=\"\" srcset=\"https:\/\/thenote.dk\/wp-content\/uploads\/2024\/10\/web_TheNote_RAISFOTO_C1__0436-1024x683.jpg 1024w, https:\/\/thenote.dk\/wp-content\/uploads\/2024\/10\/web_TheNote_RAISFOTO_C1__0436-300x200.jpg 300w, https:\/\/thenote.dk\/wp-content\/uploads\/2024\/10\/web_TheNote_RAISFOTO_C1__0436-768x512.jpg 768w, https:\/\/thenote.dk\/wp-content\/uploads\/2024\/10\/web_TheNote_RAISFOTO_C1__0436-1536x1024.jpg 1536w, https:\/\/thenote.dk\/wp-content\/uploads\/2024\/10\/web_TheNote_RAISFOTO_C1__0436-2048x1366.jpg 2048w\" sizes=\"(max-width: 800px) 100vw, 800px\" \/>\t\t\t\t\t\t\t\t\t\t\t\t\t\t\t<\/div>\n\t\t\t\t<\/div>\n\t\t\t\t<\/div>\n\t\t\t\t\t<\/div>\n\t\t\t\t<\/div>\n\t\t\t\t<\/div>\n\t\t","protected":false},"excerpt":{"rendered":"<p>Sm\u00e5 fristelser til dit m\u00f8de G\u00f8r dit m\u00f8de endnu bedre med vores ekstra fristelser \u2013 nogle gange er kaffe bare ikke nok! V\u00e6lg venligst de muligheder, du kunne t\u00e6nke dig (hvorfor ikke bare alle sammen?), s\u00e5 s\u00f8rger vi for, at det st\u00e5r klar. Priserne er oplyst pr. person og bestilles for alle deltagere i arrangementet [&hellip;]<\/p>\n","protected":false},"author":4,"featured_media":0,"parent":0,"menu_order":0,"comment_status":"closed","ping_status":"closed","template":"","meta":{"_acf_changed":false,"footnotes":""},"class_list":["post-9318","page","type-page","status-publish","hentry"],"acf":[],"yoast_head":"<!-- This site is optimized with the Yoast SEO plugin v27.4 - https:\/\/yoast.com\/product\/yoast-seo-wordpress\/ -->\n<title>Till\u00e6gsk\u00f8b - The Note<\/title>\n<meta name=\"robots\" content=\"index, follow, max-snippet:-1, max-image-preview:large, max-video-preview:-1\" \/>\n<link rel=\"canonical\" href=\"https:\/\/thenote.dk\/da\/tillaegskoeb\/\" \/>\n<meta property=\"og:locale\" content=\"da_DK\" \/>\n<meta property=\"og:type\" content=\"article\" \/>\n<meta property=\"og:title\" content=\"Till\u00e6gsk\u00f8b - The Note\" \/>\n<meta property=\"og:description\" content=\"Sm\u00e5 fristelser til dit m\u00f8de G\u00f8r dit m\u00f8de endnu bedre med vores ekstra fristelser \u2013 nogle gange er kaffe bare ikke nok! V\u00e6lg venligst de muligheder, du kunne t\u00e6nke dig (hvorfor ikke bare alle sammen?), s\u00e5 s\u00f8rger vi for, at det st\u00e5r klar. Priserne er oplyst pr. person og bestilles for alle deltagere i arrangementet [&hellip;]\" \/>\n<meta property=\"og:url\" content=\"https:\/\/thenote.dk\/da\/tillaegskoeb\/\" \/>\n<meta property=\"og:site_name\" content=\"The Note\" \/>\n<meta property=\"article:modified_time\" content=\"2026-02-25T10:52:55+00:00\" \/>\n<meta property=\"og:image\" content=\"https:\/\/thenote.dk\/wp-content\/uploads\/2024\/10\/web_TheNote_RAISFOTO_C1__0441.jpg\" \/>\n\t<meta property=\"og:image:width\" content=\"2200\" \/>\n\t<meta property=\"og:image:height\" content=\"1467\" \/>\n\t<meta property=\"og:image:type\" content=\"image\/jpeg\" \/>\n<meta name=\"twitter:card\" content=\"summary_large_image\" \/>\n<script type=\"application\/ld+json\" class=\"yoast-schema-graph\">{\"@context\":\"https:\\\/\\\/schema.org\",\"@graph\":[{\"@type\":\"WebPage\",\"@id\":\"https:\\\/\\\/thenote.dk\\\/da\\\/tillaegskoeb\\\/\",\"url\":\"https:\\\/\\\/thenote.dk\\\/da\\\/tillaegskoeb\\\/\",\"name\":\"Till\u00e6gsk\u00f8b - The Note\",\"isPartOf\":{\"@id\":\"https:\\\/\\\/thenote.dk\\\/da\\\/#website\"},\"primaryImageOfPage\":{\"@id\":\"https:\\\/\\\/thenote.dk\\\/da\\\/tillaegskoeb\\\/#primaryimage\"},\"image\":{\"@id\":\"https:\\\/\\\/thenote.dk\\\/da\\\/tillaegskoeb\\\/#primaryimage\"},\"thumbnailUrl\":\"https:\\\/\\\/thenote.dk\\\/wp-content\\\/uploads\\\/2024\\\/10\\\/web_TheNote_RAISFOTO_C1__0441-1024x683.jpg\",\"datePublished\":\"2026-02-23T14:49:20+00:00\",\"dateModified\":\"2026-02-25T10:52:55+00:00\",\"breadcrumb\":{\"@id\":\"https:\\\/\\\/thenote.dk\\\/da\\\/tillaegskoeb\\\/#breadcrumb\"},\"inLanguage\":\"da-DK\",\"potentialAction\":[{\"@type\":\"ReadAction\",\"target\":[\"https:\\\/\\\/thenote.dk\\\/da\\\/tillaegskoeb\\\/\"]}]},{\"@type\":\"ImageObject\",\"inLanguage\":\"da-DK\",\"@id\":\"https:\\\/\\\/thenote.dk\\\/da\\\/tillaegskoeb\\\/#primaryimage\",\"url\":\"https:\\\/\\\/thenote.dk\\\/wp-content\\\/uploads\\\/2024\\\/10\\\/web_TheNote_RAISFOTO_C1__0441-1024x683.jpg\",\"contentUrl\":\"https:\\\/\\\/thenote.dk\\\/wp-content\\\/uploads\\\/2024\\\/10\\\/web_TheNote_RAISFOTO_C1__0441-1024x683.jpg\"},{\"@type\":\"BreadcrumbList\",\"@id\":\"https:\\\/\\\/thenote.dk\\\/da\\\/tillaegskoeb\\\/#breadcrumb\",\"itemListElement\":[{\"@type\":\"ListItem\",\"position\":1,\"name\":\"Hjem\",\"item\":\"https:\\\/\\\/thenote.dk\\\/da\\\/forside-2\\\/\"},{\"@type\":\"ListItem\",\"position\":2,\"name\":\"Till\u00e6gsk\u00f8b\"}]},{\"@type\":\"WebSite\",\"@id\":\"https:\\\/\\\/thenote.dk\\\/da\\\/#website\",\"url\":\"https:\\\/\\\/thenote.dk\\\/da\\\/\",\"name\":\"The Note\",\"description\":\"Hotel\",\"publisher\":{\"@id\":\"https:\\\/\\\/thenote.dk\\\/da\\\/#organization\"},\"potentialAction\":[{\"@type\":\"SearchAction\",\"target\":{\"@type\":\"EntryPoint\",\"urlTemplate\":\"https:\\\/\\\/thenote.dk\\\/da\\\/?s={search_term_string}\"},\"query-input\":{\"@type\":\"PropertyValueSpecification\",\"valueRequired\":true,\"valueName\":\"search_term_string\"}}],\"inLanguage\":\"da-DK\"},{\"@type\":\"Organization\",\"@id\":\"https:\\\/\\\/thenote.dk\\\/da\\\/#organization\",\"name\":\"The Lodge Billund\",\"url\":\"https:\\\/\\\/thenote.dk\\\/da\\\/\",\"logo\":{\"@type\":\"ImageObject\",\"inLanguage\":\"da-DK\",\"@id\":\"https:\\\/\\\/thenote.dk\\\/da\\\/#\\\/schema\\\/logo\\\/image\\\/\",\"url\":\"https:\\\/\\\/thenote.dk\\\/wp-content\\\/uploads\\\/2020\\\/10\\\/rgb_119_145_138.svg\",\"contentUrl\":\"https:\\\/\\\/thenote.dk\\\/wp-content\\\/uploads\\\/2020\\\/10\\\/rgb_119_145_138.svg\",\"width\":565,\"height\":259,\"caption\":\"The Lodge Billund\"},\"image\":{\"@id\":\"https:\\\/\\\/thenote.dk\\\/da\\\/#\\\/schema\\\/logo\\\/image\\\/\"}}]}<\/script>\n<!-- \/ Yoast SEO plugin. -->","yoast_head_json":{"title":"Till\u00e6gsk\u00f8b - The Note","robots":{"index":"index","follow":"follow","max-snippet":"max-snippet:-1","max-image-preview":"max-image-preview:large","max-video-preview":"max-video-preview:-1"},"canonical":"https:\/\/thenote.dk\/da\/tillaegskoeb\/","og_locale":"da_DK","og_type":"article","og_title":"Till\u00e6gsk\u00f8b - The Note","og_description":"Sm\u00e5 fristelser til dit m\u00f8de G\u00f8r dit m\u00f8de endnu bedre med vores ekstra fristelser \u2013 nogle gange er kaffe bare ikke nok! V\u00e6lg venligst de muligheder, du kunne t\u00e6nke dig (hvorfor ikke bare alle sammen?), s\u00e5 s\u00f8rger vi for, at det st\u00e5r klar. Priserne er oplyst pr. person og bestilles for alle deltagere i arrangementet [&hellip;]","og_url":"https:\/\/thenote.dk\/da\/tillaegskoeb\/","og_site_name":"The Note","article_modified_time":"2026-02-25T10:52:55+00:00","og_image":[{"width":2200,"height":1467,"url":"https:\/\/thenote.dk\/wp-content\/uploads\/2024\/10\/web_TheNote_RAISFOTO_C1__0441.jpg","type":"image\/jpeg"}],"twitter_card":"summary_large_image","schema":{"@context":"https:\/\/schema.org","@graph":[{"@type":"WebPage","@id":"https:\/\/thenote.dk\/da\/tillaegskoeb\/","url":"https:\/\/thenote.dk\/da\/tillaegskoeb\/","name":"Till\u00e6gsk\u00f8b - The Note","isPartOf":{"@id":"https:\/\/thenote.dk\/da\/#website"},"primaryImageOfPage":{"@id":"https:\/\/thenote.dk\/da\/tillaegskoeb\/#primaryimage"},"image":{"@id":"https:\/\/thenote.dk\/da\/tillaegskoeb\/#primaryimage"},"thumbnailUrl":"https:\/\/thenote.dk\/wp-content\/uploads\/2024\/10\/web_TheNote_RAISFOTO_C1__0441-1024x683.jpg","datePublished":"2026-02-23T14:49:20+00:00","dateModified":"2026-02-25T10:52:55+00:00","breadcrumb":{"@id":"https:\/\/thenote.dk\/da\/tillaegskoeb\/#breadcrumb"},"inLanguage":"da-DK","potentialAction":[{"@type":"ReadAction","target":["https:\/\/thenote.dk\/da\/tillaegskoeb\/"]}]},{"@type":"ImageObject","inLanguage":"da-DK","@id":"https:\/\/thenote.dk\/da\/tillaegskoeb\/#primaryimage","url":"https:\/\/thenote.dk\/wp-content\/uploads\/2024\/10\/web_TheNote_RAISFOTO_C1__0441-1024x683.jpg","contentUrl":"https:\/\/thenote.dk\/wp-content\/uploads\/2024\/10\/web_TheNote_RAISFOTO_C1__0441-1024x683.jpg"},{"@type":"BreadcrumbList","@id":"https:\/\/thenote.dk\/da\/tillaegskoeb\/#breadcrumb","itemListElement":[{"@type":"ListItem","position":1,"name":"Hjem","item":"https:\/\/thenote.dk\/da\/forside-2\/"},{"@type":"ListItem","position":2,"name":"Till\u00e6gsk\u00f8b"}]},{"@type":"WebSite","@id":"https:\/\/thenote.dk\/da\/#website","url":"https:\/\/thenote.dk\/da\/","name":"The Note","description":"Hotel","publisher":{"@id":"https:\/\/thenote.dk\/da\/#organization"},"potentialAction":[{"@type":"SearchAction","target":{"@type":"EntryPoint","urlTemplate":"https:\/\/thenote.dk\/da\/?s={search_term_string}"},"query-input":{"@type":"PropertyValueSpecification","valueRequired":true,"valueName":"search_term_string"}}],"inLanguage":"da-DK"},{"@type":"Organization","@id":"https:\/\/thenote.dk\/da\/#organization","name":"The Lodge Billund","url":"https:\/\/thenote.dk\/da\/","logo":{"@type":"ImageObject","inLanguage":"da-DK","@id":"https:\/\/thenote.dk\/da\/#\/schema\/logo\/image\/","url":"https:\/\/thenote.dk\/wp-content\/uploads\/2020\/10\/rgb_119_145_138.svg","contentUrl":"https:\/\/thenote.dk\/wp-content\/uploads\/2020\/10\/rgb_119_145_138.svg","width":565,"height":259,"caption":"The Lodge Billund"},"image":{"@id":"https:\/\/thenote.dk\/da\/#\/schema\/logo\/image\/"}}]}},"_links":{"self":[{"href":"https:\/\/thenote.dk\/da\/wp-json\/wp\/v2\/pages\/9318","targetHints":{"allow":["GET"]}}],"collection":[{"href":"https:\/\/thenote.dk\/da\/wp-json\/wp\/v2\/pages"}],"about":[{"href":"https:\/\/thenote.dk\/da\/wp-json\/wp\/v2\/types\/page"}],"author":[{"embeddable":true,"href":"https:\/\/thenote.dk\/da\/wp-json\/wp\/v2\/users\/4"}],"replies":[{"embeddable":true,"href":"https:\/\/thenote.dk\/da\/wp-json\/wp\/v2\/comments?post=9318"}],"version-history":[{"count":1,"href":"https:\/\/thenote.dk\/da\/wp-json\/wp\/v2\/pages\/9318\/revisions"}],"predecessor-version":[{"id":9319,"href":"https:\/\/thenote.dk\/da\/wp-json\/wp\/v2\/pages\/9318\/revisions\/9319"}],"wp:attachment":[{"href":"https:\/\/thenote.dk\/da\/wp-json\/wp\/v2\/media?parent=9318"}],"curies":[{"name":"wp","href":"https:\/\/api.w.org\/{rel}","templated":true}]}}